{"id":7463,"date":"2025-02-19T17:43:14","date_gmt":"2025-02-19T16:43:14","guid":{"rendered":"https:\/\/fukurogarage.com\/?post_type=product&#038;p=7463"},"modified":"2025-06-21T16:59:59","modified_gmt":"2025-06-21T14:59:59","slug":"advan-tc-4","status":"publish","type":"product","link":"https:\/\/fukurogarage.com\/en\/product\/advan-tc-4\/","title":{"rendered":"Advan TC-4"},"content":{"rendered":"<div dir=\"auto\">\n<p>The ADVAN TC-4 is the evolution of the TC-3 model.<\/p>\n<p>The new design combines a five-spoke design with a change in concavity depending on the size: standard, GTR and Super GTR.<\/p>\n<p>The ADVAN Racing logo certifies that this wheel is an ADVAN Racing wheel and not a copy.<\/p>\n<p>They are several sizes and colors. Not all variations are listed, so please contact us for a quote if you don't find the size\/color you want.<\/p>\n<\/div>\n<div dir=\"auto\">\u2022 Available colors : Racing Gun Metallic &amp; Ring (GMR), Black Gun Metallic &amp; Ring (BGR), Umber BRONZE Metallic &amp; Ring (UBR), Racing Candy Red &amp; Ring (CRR), Racing white metallic &amp; Ring (WMR).<br \/>\n\u2022 Tailles : 15, 16, 17, 18 &#8211; Entraxes : 4&#215;98, 4&#215;100, 5&#215;100, 5&#215;114.3, 5&#215;120<\/div>\n<p>Note : <strong>Price PER WHEEL (x1)<\/strong><\/p>\n<p>Manufacturing time : Contact us<\/p>","protected":false},"excerpt":{"rendered":"<p>L&rsquo;ADVAN TC-4 est l&rsquo;\u00e9volution du mod\u00e8le TC-3. Le nouveau design combine un design \u00e0 cinq branches avec un changement de concavit\u00e9 selon la taille : standard, GTR et Super GTR.<\/p>","protected":false},"featured_media":7491,"comment_status":"open","ping_status":"closed","template":"","meta":[],"product_brand":[],"product_cat":[19],"product_tag":[],"class_list":{"0":"post-7463","1":"product","2":"type-product","3":"status-publish","4":"has-post-thumbnail","6":"product_cat-jantes","7":"product_shipping_class-variable-wheel-tyre","9":"first","10":"onbackorder","11":"taxable","12":"shipping-taxable","13":"purchasable","14":"product-type-variable"},"_links":{"self":[{"href":"https:\/\/fukurogarage.com\/en\/wp-json\/wp\/v2\/product\/7463","targetHints":{"allow":["GET"]}}],"collection":[{"href":"https:\/\/fukurogarage.com\/en\/wp-json\/wp\/v2\/product"}],"about":[{"href":"https:\/\/fukurogarage.com\/en\/wp-json\/wp\/v2\/types\/product"}],"replies":[{"embeddable":true,"href":"https:\/\/fukurogarage.com\/en\/wp-json\/wp\/v2\/comments?post=7463"}],"version-history":[{"count":3,"href":"https:\/\/fukurogarage.com\/en\/wp-json\/wp\/v2\/product\/7463\/revisions"}],"predecessor-version":[{"id":7697,"href":"https:\/\/fukurogarage.com\/en\/wp-json\/wp\/v2\/product\/7463\/revisions\/7697"}],"wp:featuredmedia":[{"embeddable":true,"href":"https:\/\/fukurogarage.com\/en\/wp-json\/wp\/v2\/media\/7491"}],"wp:attachment":[{"href":"https:\/\/fukurogarage.com\/en\/wp-json\/wp\/v2\/media?parent=7463"}],"wp:term":[{"taxonomy":"product_brand","embeddable":true,"href":"https:\/\/fukurogarage.com\/en\/wp-json\/wp\/v2\/product_brand?post=7463"},{"taxonomy":"product_cat","embeddable":true,"href":"https:\/\/fukurogarage.com\/en\/wp-json\/wp\/v2\/product_cat?post=7463"},{"taxonomy":"product_tag","embeddable":true,"href":"https:\/\/fukurogarage.com\/en\/wp-json\/wp\/v2\/product_tag?post=7463"}],"curies":[{"name":"wp","href":"https:\/\/api.w.org\/{rel}","templated":true}]}}