{"id":7252,"date":"2024-12-17T16:28:00","date_gmt":"2024-12-17T15:28:00","guid":{"rendered":"https:\/\/fukurogarage.com\/?post_type=product&#038;p=7252"},"modified":"2024-12-17T17:13:13","modified_gmt":"2024-12-17T16:13:13","slug":"enkei-pf05","status":"publish","type":"product","link":"https:\/\/fukurogarage.com\/en\/product\/enkei-pf05\/","title":{"rendered":"Enkei PF05"},"content":{"rendered":"<div dir=\"auto\">\n<p>Enkei PF05 have a concave 5 spokes design and are manufactured using Enkei's \u201cMAT\u201d forming process : <a href=\"https:\/\/www.enkei.co.jp\/product\/technology\/method\/#mat\" target=\"_blank\" rel=\"noopener\">https:\/\/www.enkei.co.jp\/product\/technology\/method\/#mat<\/a><\/p>\n<p>\u2022 Weight : 6.7kg in 15\u00d78<\/p>\n<p>\u2022 Several colors available : Dark Silver | White | Gold | SBK (certain sizes only)<\/p>\n<\/div>\n<div dir=\"auto\">Sizes : 15, 16, 17, 18, 19 (caps not included). We've only listed the 15\u00d78, but it is of course possible to order them in other sizes. Send us an e-mail or contact us on FB\/insta if you would like a quote for another size.<\/div>\n<p>Note : <strong>Price per wheel (x1)<\/strong><\/p>\n<p>Manufacturing time : Contact us<\/p>","protected":false},"excerpt":{"rendered":"<p>Les PF05 ont un design 5 b\u00e2tons concave et sont fabriqu\u00e9es selon le proc\u00e9d\u00e9 de formage \u00ab\u00a0MAT\u00a0\u00bb d&rsquo;Enkei<\/p>","protected":false},"featured_media":7269,"comment_status":"open","ping_status":"closed","template":"","meta":[],"product_brand":[],"product_cat":[19],"product_tag":[],"class_list":{"0":"post-7252","1":"product","2":"type-product","3":"status-publish","4":"has-post-thumbnail","6":"product_cat-jantes","7":"product_shipping_class-variable-wheel-tyre","9":"first","10":"onbackorder","11":"taxable","12":"shipping-taxable","13":"purchasable","14":"product-type-variable"},"_links":{"self":[{"href":"https:\/\/fukurogarage.com\/en\/wp-json\/wp\/v2\/product\/7252","targetHints":{"allow":["GET"]}}],"collection":[{"href":"https:\/\/fukurogarage.com\/en\/wp-json\/wp\/v2\/product"}],"about":[{"href":"https:\/\/fukurogarage.com\/en\/wp-json\/wp\/v2\/types\/product"}],"replies":[{"embeddable":true,"href":"https:\/\/fukurogarage.com\/en\/wp-json\/wp\/v2\/comments?post=7252"}],"version-history":[{"count":2,"href":"https:\/\/fukurogarage.com\/en\/wp-json\/wp\/v2\/product\/7252\/revisions"}],"predecessor-version":[{"id":7507,"href":"https:\/\/fukurogarage.com\/en\/wp-json\/wp\/v2\/product\/7252\/revisions\/7507"}],"wp:featuredmedia":[{"embeddable":true,"href":"https:\/\/fukurogarage.com\/en\/wp-json\/wp\/v2\/media\/7269"}],"wp:attachment":[{"href":"https:\/\/fukurogarage.com\/en\/wp-json\/wp\/v2\/media?parent=7252"}],"wp:term":[{"taxonomy":"product_brand","embeddable":true,"href":"https:\/\/fukurogarage.com\/en\/wp-json\/wp\/v2\/product_brand?post=7252"},{"taxonomy":"product_cat","embeddable":true,"href":"https:\/\/fukurogarage.com\/en\/wp-json\/wp\/v2\/product_cat?post=7252"},{"taxonomy":"product_tag","embeddable":true,"href":"https:\/\/fukurogarage.com\/en\/wp-json\/wp\/v2\/product_tag?post=7252"}],"curies":[{"name":"wp","href":"https:\/\/api.w.org\/{rel}","templated":true}]}}