{"id":7220,"date":"2024-10-01T13:31:19","date_gmt":"2024-10-01T11:31:19","guid":{"rendered":"https:\/\/fukurogarage.com\/?post_type=product&#038;p=7220"},"modified":"2025-04-08T17:18:11","modified_gmt":"2025-04-08T15:18:11","slug":"barre-anti-rapprochement-oem-rs-pour-mx5-na-nb","status":"publish","type":"product","link":"https:\/\/fukurogarage.com\/en\/product\/barre-anti-rapprochement-oem-rs-pour-mx5-na-nb\/","title":{"rendered":"OEM RS front strut brace for MX5 NA\/NB"},"content":{"rendered":"<div dir=\"auto\">\n<div dir=\"auto\">OEM RS front strut brace for MX5 NA\/NB<br \/>\nPresent on some editions of the mx5. Helps strengthen the chassis and improve steering precision<br \/>\nTrois barres en stock. Etat +- similaire (quelques \u00e9clats de peinture).<\/div>\n<\/div>","protected":false},"excerpt":{"rendered":"<p>Pr\u00e9sente sur certaines \u00e9ditions de mx5. Permet de renforcer le ch\u00e2ssis et d&rsquo;am\u00e9liorer la pr\u00e9cision de la direction<\/p>","protected":false},"featured_media":7221,"comment_status":"open","ping_status":"closed","template":"","meta":[],"product_brand":[],"product_cat":[74],"product_tag":[],"class_list":{"0":"post-7220","1":"product","2":"type-product","3":"status-publish","4":"has-post-thumbnail","6":"product_cat-performance","7":"product_shipping_class-xl","9":"first","10":"outofstock","11":"taxable","12":"shipping-taxable","13":"purchasable","14":"product-type-simple"},"_links":{"self":[{"href":"https:\/\/fukurogarage.com\/en\/wp-json\/wp\/v2\/product\/7220","targetHints":{"allow":["GET"]}}],"collection":[{"href":"https:\/\/fukurogarage.com\/en\/wp-json\/wp\/v2\/product"}],"about":[{"href":"https:\/\/fukurogarage.com\/en\/wp-json\/wp\/v2\/types\/product"}],"replies":[{"embeddable":true,"href":"https:\/\/fukurogarage.com\/en\/wp-json\/wp\/v2\/comments?post=7220"}],"version-history":[{"count":2,"href":"https:\/\/fukurogarage.com\/en\/wp-json\/wp\/v2\/product\/7220\/revisions"}],"predecessor-version":[{"id":7226,"href":"https:\/\/fukurogarage.com\/en\/wp-json\/wp\/v2\/product\/7220\/revisions\/7226"}],"wp:featuredmedia":[{"embeddable":true,"href":"https:\/\/fukurogarage.com\/en\/wp-json\/wp\/v2\/media\/7221"}],"wp:attachment":[{"href":"https:\/\/fukurogarage.com\/en\/wp-json\/wp\/v2\/media?parent=7220"}],"wp:term":[{"taxonomy":"product_brand","embeddable":true,"href":"https:\/\/fukurogarage.com\/en\/wp-json\/wp\/v2\/product_brand?post=7220"},{"taxonomy":"product_cat","embeddable":true,"href":"https:\/\/fukurogarage.com\/en\/wp-json\/wp\/v2\/product_cat?post=7220"},{"taxonomy":"product_tag","embeddable":true,"href":"https:\/\/fukurogarage.com\/en\/wp-json\/wp\/v2\/product_tag?post=7220"}],"curies":[{"name":"wp","href":"https:\/\/api.w.org\/{rel}","templated":true}]}}