{"id":7194,"date":"2024-09-30T17:26:42","date_gmt":"2024-09-30T15:26:42","guid":{"rendered":"https:\/\/fukurogarage.com\/?post_type=product&#038;p=7194"},"modified":"2025-01-02T20:00:03","modified_gmt":"2025-01-02T19:00:03","slug":"echappement-5zigen-pro-racer-mx5-na","status":"publish","type":"product","link":"https:\/\/fukurogarage.com\/en\/product\/echappement-5zigen-pro-racer-mx5-na\/","title":{"rendered":"Echappement 5Zigen Pro Racer MX5 NA"},"content":{"rendered":"<div dir=\"auto\">\n<div dir=\"auto\">Echappement 5Zigen Pro Racer pour mx5 NA.<br \/>\nTube diameter : 60 mm<br \/>\nDiam\u00e8tre sortie : 90mm<br \/>\nEtat: Bon \u00e9tat, quelques griffes sur l&rsquo;interm\u00e9diaire et pr\u00e9sence d&rsquo;un petit coup sur le c\u00f4t\u00e9 gauche du silencieux. Pas de bruit en secouant l&rsquo;\u00e9chappement. Si vous voulez plus de photos, contactez nous par mail ou sur les r\u00e9seaux (@fukurogarage).<\/div>\n<\/div>","protected":false},"excerpt":{"rendered":"<p>Diam\u00e8tre tube : 60 mm \u2022 Diam\u00e8tre sortie : 90mm<\/p>","protected":false},"featured_media":7195,"comment_status":"open","ping_status":"closed","template":"","meta":[],"product_brand":[],"product_cat":[74],"product_tag":[],"class_list":{"0":"post-7194","1":"product","2":"type-product","3":"status-publish","4":"has-post-thumbnail","6":"product_cat-performance","7":"product_shipping_class-xl","9":"first","10":"outofstock","11":"sale","12":"sold-individually","13":"taxable","14":"shipping-taxable","15":"purchasable","16":"product-type-simple"},"_links":{"self":[{"href":"https:\/\/fukurogarage.com\/en\/wp-json\/wp\/v2\/product\/7194","targetHints":{"allow":["GET"]}}],"collection":[{"href":"https:\/\/fukurogarage.com\/en\/wp-json\/wp\/v2\/product"}],"about":[{"href":"https:\/\/fukurogarage.com\/en\/wp-json\/wp\/v2\/types\/product"}],"replies":[{"embeddable":true,"href":"https:\/\/fukurogarage.com\/en\/wp-json\/wp\/v2\/comments?post=7194"}],"version-history":[{"count":1,"href":"https:\/\/fukurogarage.com\/en\/wp-json\/wp\/v2\/product\/7194\/revisions"}],"predecessor-version":[{"id":7199,"href":"https:\/\/fukurogarage.com\/en\/wp-json\/wp\/v2\/product\/7194\/revisions\/7199"}],"wp:featuredmedia":[{"embeddable":true,"href":"https:\/\/fukurogarage.com\/en\/wp-json\/wp\/v2\/media\/7195"}],"wp:attachment":[{"href":"https:\/\/fukurogarage.com\/en\/wp-json\/wp\/v2\/media?parent=7194"}],"wp:term":[{"taxonomy":"product_brand","embeddable":true,"href":"https:\/\/fukurogarage.com\/en\/wp-json\/wp\/v2\/product_brand?post=7194"},{"taxonomy":"product_cat","embeddable":true,"href":"https:\/\/fukurogarage.com\/en\/wp-json\/wp\/v2\/product_cat?post=7194"},{"taxonomy":"product_tag","embeddable":true,"href":"https:\/\/fukurogarage.com\/en\/wp-json\/wp\/v2\/product_tag?post=7194"}],"curies":[{"name":"wp","href":"https:\/\/api.w.org\/{rel}","templated":true}]}}