{"id":7107,"date":"2024-07-22T13:50:43","date_gmt":"2024-07-22T11:50:43","guid":{"rendered":"https:\/\/fukurogarage.com\/?post_type=product&#038;p=7107"},"modified":"2024-07-22T14:09:29","modified_gmt":"2024-07-22T12:09:29","slug":"pare-chocs-avant-j-blood-pour-ae86-trueno","status":"publish","type":"product","link":"https:\/\/fukurogarage.com\/en\/product\/pare-chocs-avant-j-blood-pour-ae86-trueno\/","title":{"rendered":"J-Blood front bumper for AE86 Trueno in soft FRP"},"content":{"rendered":"<p>This J-blood front bumper for AE86 Trueno is made of \u201cSoft FRP\/soft fiber\u201d. Compared to conventional glass fiber, it is very flexible and has excellent crack resistance (see picture for example).<\/p>\n<p>Material : FRP<\/p>","protected":false},"excerpt":{"rendered":"<p>Ce pare-chocs avant J-blood pour AE86 Trueno est en \u00ab Soft FRP\/fibre souple \u00bb. Compar\u00e9 \u00e0 la fibre conventionnelle, il est tr\u00e8s flexible et pr\u00e9sente une excellente r\u00e9sistance aux fissures.<\/p>","protected":false},"featured_media":7109,"comment_status":"open","ping_status":"closed","template":"","meta":[],"product_brand":[],"product_cat":[25],"product_tag":[],"class_list":{"0":"post-7107","1":"product","2":"type-product","3":"status-publish","4":"has-post-thumbnail","6":"product_cat-pieces-exterieur","7":"product_shipping_class-xxl","9":"first","10":"onbackorder","11":"taxable","12":"shipping-taxable","13":"purchasable","14":"product-type-simple"},"_links":{"self":[{"href":"https:\/\/fukurogarage.com\/en\/wp-json\/wp\/v2\/product\/7107","targetHints":{"allow":["GET"]}}],"collection":[{"href":"https:\/\/fukurogarage.com\/en\/wp-json\/wp\/v2\/product"}],"about":[{"href":"https:\/\/fukurogarage.com\/en\/wp-json\/wp\/v2\/types\/product"}],"replies":[{"embeddable":true,"href":"https:\/\/fukurogarage.com\/en\/wp-json\/wp\/v2\/comments?post=7107"}],"version-history":[{"count":3,"href":"https:\/\/fukurogarage.com\/en\/wp-json\/wp\/v2\/product\/7107\/revisions"}],"predecessor-version":[{"id":7112,"href":"https:\/\/fukurogarage.com\/en\/wp-json\/wp\/v2\/product\/7107\/revisions\/7112"}],"wp:featuredmedia":[{"embeddable":true,"href":"https:\/\/fukurogarage.com\/en\/wp-json\/wp\/v2\/media\/7109"}],"wp:attachment":[{"href":"https:\/\/fukurogarage.com\/en\/wp-json\/wp\/v2\/media?parent=7107"}],"wp:term":[{"taxonomy":"product_brand","embeddable":true,"href":"https:\/\/fukurogarage.com\/en\/wp-json\/wp\/v2\/product_brand?post=7107"},{"taxonomy":"product_cat","embeddable":true,"href":"https:\/\/fukurogarage.com\/en\/wp-json\/wp\/v2\/product_cat?post=7107"},{"taxonomy":"product_tag","embeddable":true,"href":"https:\/\/fukurogarage.com\/en\/wp-json\/wp\/v2\/product_tag?post=7107"}],"curies":[{"name":"wp","href":"https:\/\/api.w.org\/{rel}","templated":true}]}}