{"id":6987,"date":"2024-07-04T16:44:22","date_gmt":"2024-07-04T14:44:22","guid":{"rendered":"https:\/\/fukurogarage.com\/?post_type=product&#038;p=6987"},"modified":"2024-07-04T18:14:38","modified_gmt":"2024-07-04T16:14:38","slug":"advan-rz-ii-gtr","status":"publish","type":"product","link":"https:\/\/fukurogarage.com\/en\/product\/advan-rz-ii-gtr\/","title":{"rendered":"Advan RZ II GTR Design"},"content":{"rendered":"<div dir=\"auto\">\n<p>The Advan RZ II GTR model has more concave spokes than the standard model. In the 18 inch size, a Super GTR design is also available.<\/p>\n<p>They are several sizes and colors. Not all variations are listed, so please contact us for a quote if you don't find the size\/color you want.<\/p>\n<\/div>\n<div dir=\"auto\">\u2022 Colors available : Racing Gloss Black &amp; Ring, Racing Indigo Blue &amp; Ring, Racing Bronze, Racing Hyper Black &amp; Ring<br \/>\n\u2022 Sizes : 15, 16, 17, 18, 19 (caps not included) \u2013 PCD : 4\u00d7100, 5\u00d7100, 5\u00d7114.3<\/div>\n<p>Note : <strong>Price per wheel (x1)<\/strong><\/p>\n<p>Manufacturing time : Contact us<\/p>","protected":false},"excerpt":{"rendered":"<p>Le mod\u00e8le GTR des RZ II poss\u00e8de des rayons encore plus concaves que le mod\u00e8le standard. Dans la taille 18 pouces, un design Super GTR est disponible \u00e9galement.<\/p>","protected":false},"featured_media":7017,"comment_status":"open","ping_status":"closed","template":"","meta":[],"product_brand":[],"product_cat":[19],"product_tag":[],"class_list":{"0":"post-6987","1":"product","2":"type-product","3":"status-publish","4":"has-post-thumbnail","6":"product_cat-jantes","7":"product_shipping_class-variable-wheel-tyre","9":"first","10":"onbackorder","11":"taxable","12":"shipping-taxable","13":"purchasable","14":"product-type-variable"},"_links":{"self":[{"href":"https:\/\/fukurogarage.com\/en\/wp-json\/wp\/v2\/product\/6987","targetHints":{"allow":["GET"]}}],"collection":[{"href":"https:\/\/fukurogarage.com\/en\/wp-json\/wp\/v2\/product"}],"about":[{"href":"https:\/\/fukurogarage.com\/en\/wp-json\/wp\/v2\/types\/product"}],"replies":[{"embeddable":true,"href":"https:\/\/fukurogarage.com\/en\/wp-json\/wp\/v2\/comments?post=6987"}],"version-history":[{"count":1,"href":"https:\/\/fukurogarage.com\/en\/wp-json\/wp\/v2\/product\/6987\/revisions"}],"predecessor-version":[{"id":7032,"href":"https:\/\/fukurogarage.com\/en\/wp-json\/wp\/v2\/product\/6987\/revisions\/7032"}],"wp:featuredmedia":[{"embeddable":true,"href":"https:\/\/fukurogarage.com\/en\/wp-json\/wp\/v2\/media\/7017"}],"wp:attachment":[{"href":"https:\/\/fukurogarage.com\/en\/wp-json\/wp\/v2\/media?parent=6987"}],"wp:term":[{"taxonomy":"product_brand","embeddable":true,"href":"https:\/\/fukurogarage.com\/en\/wp-json\/wp\/v2\/product_brand?post=6987"},{"taxonomy":"product_cat","embeddable":true,"href":"https:\/\/fukurogarage.com\/en\/wp-json\/wp\/v2\/product_cat?post=6987"},{"taxonomy":"product_tag","embeddable":true,"href":"https:\/\/fukurogarage.com\/en\/wp-json\/wp\/v2\/product_tag?post=6987"}],"curies":[{"name":"wp","href":"https:\/\/api.w.org\/{rel}","templated":true}]}}