{"id":6729,"date":"2024-05-14T17:46:03","date_gmt":"2024-05-14T15:46:03","guid":{"rendered":"https:\/\/fukurogarage.com\/?post_type=product&#038;p=6729"},"modified":"2025-03-02T21:06:41","modified_gmt":"2025-03-02T20:06:41","slug":"collecteur-fujitsubo-super-ex-pour-mx5-na","status":"publish","type":"product","link":"https:\/\/fukurogarage.com\/en\/product\/collecteur-fujitsubo-super-ex-pour-mx5-na\/","title":{"rendered":"Collecteur Fujitsubo Super Ex pour MX5 NA"},"content":{"rendered":"<p>Le collecteur Fujitsubo Super Ex est la r\u00e9f\u00e9rence des collecteurs japonais. Il est fabriqu\u00e9 en acier inoxydable SUS303 et soud\u00e9 au TIG. Au niveau de la jonction entre le collecteur et le d\u00e9-cat, Fujitsubo a ajout\u00e9 un joint avec des boulons \u00e0 ressort pour s&rsquo;assurer que les vibrations du moteur sont absorb\u00e9es et ne soient pas transf\u00e9r\u00e9es au reste du syst\u00e8me d&rsquo;\u00e9chappement.<\/p>\n<p>Information :<br \/>\n\u2022 Dispo en version 1.6 et 1.8<br \/>\n\u2022 Tube diameters :<br \/>\nB6 : 42.7mm-50.8mm<br \/>\nBP : 42.7mm-45.0mm-50.8mm<\/p>\n<p>Attention : La version 1.6 passe sur LHD mais au chausse-pieds ! Pour la version 1.8, \u00e7a devrait passer sans trop de probl\u00e8me sur LHD.<\/p>\n<p>&nbsp;<\/p>","protected":false},"excerpt":{"rendered":"<p>Le Fujitsubo Super Ex est la r\u00e9f\u00e9rence des collecteurs japonais. Il est fabriqu\u00e9 en acier inoxydable SUS303 et soud\u00e9 au TIG. Au niveau de la jonction entre le collecteur et le d\u00e9-cat, Fujitsubo a ajout\u00e9 un joint avec des boulons \u00e0 ressort pour s&rsquo;assurer que les vibrations du moteur sont absorb\u00e9es et ne soient pas transf\u00e9r\u00e9es au reste du syst\u00e8me d&rsquo;\u00e9chappement.<\/p>","protected":false},"featured_media":6748,"comment_status":"open","ping_status":"closed","template":"","meta":[],"product_brand":[],"product_cat":[74],"product_tag":[],"class_list":{"0":"post-6729","1":"product","2":"type-product","3":"status-publish","4":"has-post-thumbnail","6":"product_cat-performance","7":"product_shipping_class-xl","9":"first","10":"onbackorder","11":"taxable","12":"shipping-taxable","13":"purchasable","14":"product-type-variable"},"_links":{"self":[{"href":"https:\/\/fukurogarage.com\/en\/wp-json\/wp\/v2\/product\/6729","targetHints":{"allow":["GET"]}}],"collection":[{"href":"https:\/\/fukurogarage.com\/en\/wp-json\/wp\/v2\/product"}],"about":[{"href":"https:\/\/fukurogarage.com\/en\/wp-json\/wp\/v2\/types\/product"}],"replies":[{"embeddable":true,"href":"https:\/\/fukurogarage.com\/en\/wp-json\/wp\/v2\/comments?post=6729"}],"version-history":[{"count":2,"href":"https:\/\/fukurogarage.com\/en\/wp-json\/wp\/v2\/product\/6729\/revisions"}],"predecessor-version":[{"id":6753,"href":"https:\/\/fukurogarage.com\/en\/wp-json\/wp\/v2\/product\/6729\/revisions\/6753"}],"wp:featuredmedia":[{"embeddable":true,"href":"https:\/\/fukurogarage.com\/en\/wp-json\/wp\/v2\/media\/6748"}],"wp:attachment":[{"href":"https:\/\/fukurogarage.com\/en\/wp-json\/wp\/v2\/media?parent=6729"}],"wp:term":[{"taxonomy":"product_brand","embeddable":true,"href":"https:\/\/fukurogarage.com\/en\/wp-json\/wp\/v2\/product_brand?post=6729"},{"taxonomy":"product_cat","embeddable":true,"href":"https:\/\/fukurogarage.com\/en\/wp-json\/wp\/v2\/product_cat?post=6729"},{"taxonomy":"product_tag","embeddable":true,"href":"https:\/\/fukurogarage.com\/en\/wp-json\/wp\/v2\/product_tag?post=6729"}],"curies":[{"name":"wp","href":"https:\/\/api.w.org\/{rel}","templated":true}]}}