{"id":6717,"date":"2024-05-14T15:38:49","date_gmt":"2024-05-14T13:38:49","guid":{"rendered":"https:\/\/fukurogarage.com\/?post_type=product&#038;p=6717"},"modified":"2024-05-14T17:29:45","modified_gmt":"2024-05-14T15:29:45","slug":"kakimoto-hyper-fullmega-n1rev-pour-mx5-nb","status":"publish","type":"product","link":"https:\/\/fukurogarage.com\/en\/product\/kakimoto-hyper-fullmega-n1rev-pour-mx5-nb\/","title":{"rendered":"Echappement Kakimoto Hyper Fullmega N1+Rev pour MX5 NB"},"content":{"rendered":"<div dir=\"auto\">\n<div dir=\"auto\">\n<p>L&rsquo;\u00e9chappement Kakimoto Hyper Fullmega N1+Rev poss\u00e8de une sortie imposante de 100mm ! Il respecte n\u00e9anmoins la limite de bruit (norme JASMA) pour l&rsquo;utilisation sur route.<\/p>\n<p>Information :<\/p>\n<p>Material : Inox (SUS304)<br \/>\nTube diameter : 60 mm<br \/>\nDiam\u00e8tre embout : 100mm<\/p>\n<p>Noise level :<br \/>\nMax 92 dB<br \/>\nAu ralenti : 61 dB<\/p>\n<p>Poids : 8.5kg<\/p>\n<\/div>\n<\/div>","protected":false},"excerpt":{"rendered":"<p>L&rsquo;\u00e9chappement Kakimoto Hyper Fullmega N1+Rev poss\u00e8de une sortie imposante de 100mm ! Il respecte n\u00e9anmoins la limite de bruit (norme JASMA) pour l&rsquo;utilisation sur route.<\/p>","protected":false},"featured_media":6720,"comment_status":"open","ping_status":"closed","template":"","meta":[],"product_brand":[],"product_cat":[74],"product_tag":[],"class_list":{"0":"post-6717","1":"product","2":"type-product","3":"status-publish","4":"has-post-thumbnail","6":"product_cat-performance","7":"product_shipping_class-xl","9":"first","10":"onbackorder","11":"taxable","12":"shipping-taxable","13":"purchasable","14":"product-type-simple"},"_links":{"self":[{"href":"https:\/\/fukurogarage.com\/en\/wp-json\/wp\/v2\/product\/6717","targetHints":{"allow":["GET"]}}],"collection":[{"href":"https:\/\/fukurogarage.com\/en\/wp-json\/wp\/v2\/product"}],"about":[{"href":"https:\/\/fukurogarage.com\/en\/wp-json\/wp\/v2\/types\/product"}],"replies":[{"embeddable":true,"href":"https:\/\/fukurogarage.com\/en\/wp-json\/wp\/v2\/comments?post=6717"}],"version-history":[{"count":3,"href":"https:\/\/fukurogarage.com\/en\/wp-json\/wp\/v2\/product\/6717\/revisions"}],"predecessor-version":[{"id":6724,"href":"https:\/\/fukurogarage.com\/en\/wp-json\/wp\/v2\/product\/6717\/revisions\/6724"}],"wp:featuredmedia":[{"embeddable":true,"href":"https:\/\/fukurogarage.com\/en\/wp-json\/wp\/v2\/media\/6720"}],"wp:attachment":[{"href":"https:\/\/fukurogarage.com\/en\/wp-json\/wp\/v2\/media?parent=6717"}],"wp:term":[{"taxonomy":"product_brand","embeddable":true,"href":"https:\/\/fukurogarage.com\/en\/wp-json\/wp\/v2\/product_brand?post=6717"},{"taxonomy":"product_cat","embeddable":true,"href":"https:\/\/fukurogarage.com\/en\/wp-json\/wp\/v2\/product_cat?post=6717"},{"taxonomy":"product_tag","embeddable":true,"href":"https:\/\/fukurogarage.com\/en\/wp-json\/wp\/v2\/product_tag?post=6717"}],"curies":[{"name":"wp","href":"https:\/\/api.w.org\/{rel}","templated":true}]}}