{"id":6713,"date":"2024-05-14T14:26:18","date_gmt":"2024-05-14T12:26:18","guid":{"rendered":"https:\/\/fukurogarage.com\/?post_type=product&#038;p=6713"},"modified":"2025-11-23T23:53:13","modified_gmt":"2025-11-23T22:53:13","slug":"echappement-kakimoto-regu-06r-mx5-nd","status":"publish","type":"product","link":"https:\/\/fukurogarage.com\/en\/product\/echappement-kakimoto-regu-06r-mx5-nd\/","title":{"rendered":"Echappement Kakimoto Regu 06&#038;R MX5 ND"},"content":{"rendered":"<div dir=\"auto\">\n<div dir=\"auto\">\n<p>The Kakimoto Regu 06&amp;R exhaust improves the ND performance and sound while complying with the noise limit (JASMA standard) of 95dB maximum for road use.<\/p>\n<p>Information :<br \/>\nMaterial : Inox (SUS304)<br \/>\nTube diameter : 60 mm<br \/>\n\u2022 Tip diameter : 80mm<\/p>\n<p>Noise level :<br \/>\nMax 95 dB<br \/>\nIdle : 64 dB<\/p>\n<p>Weight : 7.8kg<\/p>\n<p>NB : Inner silencer in option<\/p>\n<\/div>\n<\/div>","protected":false},"excerpt":{"rendered":"<p>L&rsquo;\u00e9chappement Kakimoto Regu 06&amp;R permet d&rsquo;am\u00e9liorer les performances de la ND et la sonorit\u00e9 tout en respectant la limite de bruit (norme JASMA) de maximum 95db pour l&rsquo;utilisation sur route<\/p>","protected":false},"featured_media":6715,"comment_status":"open","ping_status":"closed","template":"","meta":[],"product_brand":[],"product_cat":[74],"product_tag":[],"class_list":{"0":"post-6713","1":"product","2":"type-product","3":"status-publish","4":"has-post-thumbnail","6":"product_cat-performance","7":"product_shipping_class-xl","9":"first","10":"onbackorder","11":"taxable","12":"shipping-taxable","13":"purchasable","14":"product-type-variable"},"_links":{"self":[{"href":"https:\/\/fukurogarage.com\/en\/wp-json\/wp\/v2\/product\/6713","targetHints":{"allow":["GET"]}}],"collection":[{"href":"https:\/\/fukurogarage.com\/en\/wp-json\/wp\/v2\/product"}],"about":[{"href":"https:\/\/fukurogarage.com\/en\/wp-json\/wp\/v2\/types\/product"}],"replies":[{"embeddable":true,"href":"https:\/\/fukurogarage.com\/en\/wp-json\/wp\/v2\/comments?post=6713"}],"version-history":[{"count":3,"href":"https:\/\/fukurogarage.com\/en\/wp-json\/wp\/v2\/product\/6713\/revisions"}],"predecessor-version":[{"id":7755,"href":"https:\/\/fukurogarage.com\/en\/wp-json\/wp\/v2\/product\/6713\/revisions\/7755"}],"wp:featuredmedia":[{"embeddable":true,"href":"https:\/\/fukurogarage.com\/en\/wp-json\/wp\/v2\/media\/6715"}],"wp:attachment":[{"href":"https:\/\/fukurogarage.com\/en\/wp-json\/wp\/v2\/media?parent=6713"}],"wp:term":[{"taxonomy":"product_brand","embeddable":true,"href":"https:\/\/fukurogarage.com\/en\/wp-json\/wp\/v2\/product_brand?post=6713"},{"taxonomy":"product_cat","embeddable":true,"href":"https:\/\/fukurogarage.com\/en\/wp-json\/wp\/v2\/product_cat?post=6713"},{"taxonomy":"product_tag","embeddable":true,"href":"https:\/\/fukurogarage.com\/en\/wp-json\/wp\/v2\/product_tag?post=6713"}],"curies":[{"name":"wp","href":"https:\/\/api.w.org\/{rel}","templated":true}]}}