{"id":6652,"date":"2024-05-10T16:38:06","date_gmt":"2024-05-10T14:38:06","guid":{"rendered":"https:\/\/fukurogarage.com\/?post_type=product&#038;p=6652"},"modified":"2024-05-11T16:05:06","modified_gmt":"2024-05-11T14:05:06","slug":"combines-filetes-blitz-zzr-pour-mx5-na","status":"publish","type":"product","link":"https:\/\/fukurogarage.com\/en\/product\/combines-filetes-blitz-zzr-pour-mx5-na\/","title":{"rendered":"Combin\u00e9s filet\u00e9s Blitz ZZR pour MX5 NA"},"content":{"rendered":"<div dir=\"auto\">\n<p>Combin\u00e9s Blitz ZZR avec r\u00e9glage de la hauteur du corps ind\u00e9pendant du r\u00e9glage de la compression du ressort.<\/p>\n<p>Tarage ressort avant : 8kgF\/mm<br \/>\nRear spring rate : 6kgF\/mm<\/p>\n<p>Settings :<br \/>\nAV : -65mm \u00e0 +20mm<br \/>\nARR : -60mm \u00e0 0mm<\/p>\n<p>ID produit : 92416<\/p>\n<\/div>\n<div dir=\"auto\"><\/div>","protected":false},"excerpt":{"rendered":"<p>Combin\u00e9s avec r\u00e9glage de la hauteur du corps ind\u00e9pendant du r\u00e9glage de la compression du ressort.<\/p>\n<p>Tarage ressort avant : 8kgF\/mm<br \/>\nRear spring rate : 6kgF\/mm<\/p>","protected":false},"featured_media":6653,"comment_status":"open","ping_status":"closed","template":"","meta":[],"product_brand":[],"product_cat":[74],"product_tag":[],"class_list":{"0":"post-6652","1":"product","2":"type-product","3":"status-publish","4":"has-post-thumbnail","6":"product_cat-performance","7":"product_shipping_class-xl","9":"first","10":"onbackorder","11":"taxable","12":"shipping-taxable","13":"purchasable","14":"product-type-simple"},"_links":{"self":[{"href":"https:\/\/fukurogarage.com\/en\/wp-json\/wp\/v2\/product\/6652","targetHints":{"allow":["GET"]}}],"collection":[{"href":"https:\/\/fukurogarage.com\/en\/wp-json\/wp\/v2\/product"}],"about":[{"href":"https:\/\/fukurogarage.com\/en\/wp-json\/wp\/v2\/types\/product"}],"replies":[{"embeddable":true,"href":"https:\/\/fukurogarage.com\/en\/wp-json\/wp\/v2\/comments?post=6652"}],"version-history":[{"count":1,"href":"https:\/\/fukurogarage.com\/en\/wp-json\/wp\/v2\/product\/6652\/revisions"}],"predecessor-version":[{"id":6654,"href":"https:\/\/fukurogarage.com\/en\/wp-json\/wp\/v2\/product\/6652\/revisions\/6654"}],"wp:featuredmedia":[{"embeddable":true,"href":"https:\/\/fukurogarage.com\/en\/wp-json\/wp\/v2\/media\/6653"}],"wp:attachment":[{"href":"https:\/\/fukurogarage.com\/en\/wp-json\/wp\/v2\/media?parent=6652"}],"wp:term":[{"taxonomy":"product_brand","embeddable":true,"href":"https:\/\/fukurogarage.com\/en\/wp-json\/wp\/v2\/product_brand?post=6652"},{"taxonomy":"product_cat","embeddable":true,"href":"https:\/\/fukurogarage.com\/en\/wp-json\/wp\/v2\/product_cat?post=6652"},{"taxonomy":"product_tag","embeddable":true,"href":"https:\/\/fukurogarage.com\/en\/wp-json\/wp\/v2\/product_tag?post=6652"}],"curies":[{"name":"wp","href":"https:\/\/api.w.org\/{rel}","templated":true}]}}