{"id":6641,"date":"2024-04-14T13:39:48","date_gmt":"2024-04-14T11:39:48","guid":{"rendered":"https:\/\/fukurogarage.com\/?post_type=product&#038;p=6641"},"modified":"2024-05-27T22:07:40","modified_gmt":"2024-05-27T20:07:40","slug":"echappement-k1-racing-mx5-nb","status":"publish","type":"product","link":"https:\/\/fukurogarage.com\/en\/product\/echappement-k1-racing-mx5-nb\/","title":{"rendered":"Echappement K1 Racing mx5 NB"},"content":{"rendered":"<div dir=\"auto\">\n<div dir=\"auto\">\n<p>Cet \u00e9chappement K1 Racing n&rsquo;est plus produit et tr\u00e8s peu courant en occasion pour mx5 NB. Pr\u00e9sence \u00e9galement d&rsquo;un interm\u00e9diaire de Mazdaspeed turbo.<\/p>\n<p>Etat: Silencieux en bon \u00e9tat (juste une patte de renfort qui ne tient quasiment plus (n\u00e9cessite un petit point de soudure). L&rsquo;inter est celui pr\u00e9sent sur la NB turbo. Il me semble en assez bon \u00e9tat \u00e9galement. Si vous voulez plus de photos, contactez nous par mail ou sur les r\u00e9seaux.<\/p>\n<\/div>\n<\/div>","protected":false},"excerpt":{"rendered":"<p>Echappement rare tr\u00e8s peu courant en occasion pour mx5 NB. Pr\u00e9sence \u00e9galement d&rsquo;un interm\u00e9diaire de Mazdaspeed turbo<\/p>","protected":false},"featured_media":6642,"comment_status":"open","ping_status":"closed","template":"","meta":[],"product_brand":[],"product_cat":[74],"product_tag":[],"class_list":{"0":"post-6641","1":"product","2":"type-product","3":"status-publish","4":"has-post-thumbnail","6":"product_cat-performance","7":"product_shipping_class-xl","9":"first","10":"outofstock","11":"sold-individually","12":"taxable","13":"shipping-taxable","14":"purchasable","15":"product-type-simple"},"_links":{"self":[{"href":"https:\/\/fukurogarage.com\/en\/wp-json\/wp\/v2\/product\/6641","targetHints":{"allow":["GET"]}}],"collection":[{"href":"https:\/\/fukurogarage.com\/en\/wp-json\/wp\/v2\/product"}],"about":[{"href":"https:\/\/fukurogarage.com\/en\/wp-json\/wp\/v2\/types\/product"}],"replies":[{"embeddable":true,"href":"https:\/\/fukurogarage.com\/en\/wp-json\/wp\/v2\/comments?post=6641"}],"version-history":[{"count":2,"href":"https:\/\/fukurogarage.com\/en\/wp-json\/wp\/v2\/product\/6641\/revisions"}],"predecessor-version":[{"id":6710,"href":"https:\/\/fukurogarage.com\/en\/wp-json\/wp\/v2\/product\/6641\/revisions\/6710"}],"wp:featuredmedia":[{"embeddable":true,"href":"https:\/\/fukurogarage.com\/en\/wp-json\/wp\/v2\/media\/6642"}],"wp:attachment":[{"href":"https:\/\/fukurogarage.com\/en\/wp-json\/wp\/v2\/media?parent=6641"}],"wp:term":[{"taxonomy":"product_brand","embeddable":true,"href":"https:\/\/fukurogarage.com\/en\/wp-json\/wp\/v2\/product_brand?post=6641"},{"taxonomy":"product_cat","embeddable":true,"href":"https:\/\/fukurogarage.com\/en\/wp-json\/wp\/v2\/product_cat?post=6641"},{"taxonomy":"product_tag","embeddable":true,"href":"https:\/\/fukurogarage.com\/en\/wp-json\/wp\/v2\/product_tag?post=6641"}],"curies":[{"name":"wp","href":"https:\/\/api.w.org\/{rel}","templated":true}]}}