{"id":5684,"date":"2024-02-19T18:25:49","date_gmt":"2024-02-19T17:25:49","guid":{"rendered":"https:\/\/fukurogarage.com\/?post_type=product&#038;p=5684"},"modified":"2024-05-12T16:37:04","modified_gmt":"2024-05-12T14:37:04","slug":"siege-bride-zeta-4","status":"publish","type":"product","link":"https:\/\/fukurogarage.com\/en\/product\/siege-bride-zeta-4\/","title":{"rendered":"Bride Zeta IV bucket seat"},"content":{"rendered":"<p>Bride fixed bucket seat, FIA approved.<br \/>\nLe Bride ZETA 4 peut \u00eatre install\u00e9 dans de nombreux types de v\u00e9hicules et peut \u00eatre utilis\u00e9 quelle que soit la cat\u00e9gorie de comp\u00e9tition. Le mod\u00e8le ZETA est le best-seller chez BRIDE depuis 1990.<br \/>\nFRP shell<br \/>\nWeight : 7.4 kg<br \/>\nSeveral colors available<\/p>\n<p>**Compatible with the following rail types : FB, FG, FK, FO, FX, IG**<\/p>","protected":false},"excerpt":{"rendered":"<p>Bride fixed bucket seat, FIA approved.<br \/>\nThe ZETA IV can be installed in a wide range of cars and can be used in all competition categories. The ZETA model has been BRIDE's best-seller since 1990.<br \/>\nFRP shell<br \/>\nWeight : 7.4 kg<br \/>\nSeveral colors available<\/p>","protected":false},"featured_media":5692,"comment_status":"open","ping_status":"closed","template":"","meta":[],"product_brand":[],"product_cat":[73],"product_tag":[],"class_list":{"0":"post-5684","1":"product","2":"type-product","3":"status-publish","4":"has-post-thumbnail","6":"product_cat-pieces-interieur","7":"product_shipping_class-variable-wheel-tyre","9":"first","10":"onbackorder","11":"taxable","12":"shipping-taxable","13":"purchasable","14":"product-type-variable"},"_links":{"self":[{"href":"https:\/\/fukurogarage.com\/en\/wp-json\/wp\/v2\/product\/5684","targetHints":{"allow":["GET"]}}],"collection":[{"href":"https:\/\/fukurogarage.com\/en\/wp-json\/wp\/v2\/product"}],"about":[{"href":"https:\/\/fukurogarage.com\/en\/wp-json\/wp\/v2\/types\/product"}],"replies":[{"embeddable":true,"href":"https:\/\/fukurogarage.com\/en\/wp-json\/wp\/v2\/comments?post=5684"}],"version-history":[{"count":6,"href":"https:\/\/fukurogarage.com\/en\/wp-json\/wp\/v2\/product\/5684\/revisions"}],"predecessor-version":[{"id":6370,"href":"https:\/\/fukurogarage.com\/en\/wp-json\/wp\/v2\/product\/5684\/revisions\/6370"}],"wp:featuredmedia":[{"embeddable":true,"href":"https:\/\/fukurogarage.com\/en\/wp-json\/wp\/v2\/media\/5692"}],"wp:attachment":[{"href":"https:\/\/fukurogarage.com\/en\/wp-json\/wp\/v2\/media?parent=5684"}],"wp:term":[{"taxonomy":"product_brand","embeddable":true,"href":"https:\/\/fukurogarage.com\/en\/wp-json\/wp\/v2\/product_brand?post=5684"},{"taxonomy":"product_cat","embeddable":true,"href":"https:\/\/fukurogarage.com\/en\/wp-json\/wp\/v2\/product_cat?post=5684"},{"taxonomy":"product_tag","embeddable":true,"href":"https:\/\/fukurogarage.com\/en\/wp-json\/wp\/v2\/product_tag?post=5684"}],"curies":[{"name":"wp","href":"https:\/\/api.w.org\/{rel}","templated":true}]}}