{"id":5502,"date":"2024-02-02T15:04:47","date_gmt":"2024-02-02T14:04:47","guid":{"rendered":"https:\/\/fukurogarage.com\/?post_type=product&#038;p=5502"},"modified":"2026-04-26T15:17:33","modified_gmt":"2026-04-26T13:17:33","slug":"capot-toyoshima-craft-pour-mx5-na","status":"publish","type":"product","link":"https:\/\/fukurogarage.com\/en\/product\/capot-toyoshima-craft-pour-mx5-na\/","title":{"rendered":"Toyoshima Craft bonnet for MX5 NA"},"content":{"rendered":"<p>Les produits de Toyoshima Craft sont fabriqu\u00e9s \u00e0 la main avec une superbe qualit\u00e9 pour un prix abordable. Ce capot Toyoshima Craft est parfait pour donner une allure plus sportive \u00e0 votre mx5 !<\/p>\n<p>Mat\u00e9riaux : Fibre de verre avec une finition gel coat noir ou fibre de carbone avec dos en fibre de verre.<\/p>\n<p>Poids : Environ 6 kg pour la version en fibre de verre et 5,7kg pour celle en carbone.<\/p>\n<p>High cooling effect provided by 6 large openings.<\/p>\n<p>The second picture shows the optional rain cover.<\/p>\n<p>Optional extras: Nets for openings, holes for washer nozzles and rain protector.<\/p>","protected":false},"excerpt":{"rendered":"<p>Toyoshima Craft products are handcrafted by hand at an affordable price. This hood is perfect to give your mx5 a more aggressive look !<\/p>","protected":false},"featured_media":5503,"comment_status":"open","ping_status":"closed","template":"","meta":[],"product_brand":[],"product_cat":[25],"product_tag":[],"class_list":{"0":"post-5502","1":"product","2":"type-product","3":"status-publish","4":"has-post-thumbnail","6":"product_cat-pieces-exterieur","7":"product_shipping_class-xxl","9":"first","10":"onbackorder","11":"taxable","12":"shipping-taxable","13":"purchasable","14":"product-type-variable"},"_links":{"self":[{"href":"https:\/\/fukurogarage.com\/en\/wp-json\/wp\/v2\/product\/5502","targetHints":{"allow":["GET"]}}],"collection":[{"href":"https:\/\/fukurogarage.com\/en\/wp-json\/wp\/v2\/product"}],"about":[{"href":"https:\/\/fukurogarage.com\/en\/wp-json\/wp\/v2\/types\/product"}],"replies":[{"embeddable":true,"href":"https:\/\/fukurogarage.com\/en\/wp-json\/wp\/v2\/comments?post=5502"}],"version-history":[{"count":5,"href":"https:\/\/fukurogarage.com\/en\/wp-json\/wp\/v2\/product\/5502\/revisions"}],"predecessor-version":[{"id":7242,"href":"https:\/\/fukurogarage.com\/en\/wp-json\/wp\/v2\/product\/5502\/revisions\/7242"}],"wp:featuredmedia":[{"embeddable":true,"href":"https:\/\/fukurogarage.com\/en\/wp-json\/wp\/v2\/media\/5503"}],"wp:attachment":[{"href":"https:\/\/fukurogarage.com\/en\/wp-json\/wp\/v2\/media?parent=5502"}],"wp:term":[{"taxonomy":"product_brand","embeddable":true,"href":"https:\/\/fukurogarage.com\/en\/wp-json\/wp\/v2\/product_brand?post=5502"},{"taxonomy":"product_cat","embeddable":true,"href":"https:\/\/fukurogarage.com\/en\/wp-json\/wp\/v2\/product_cat?post=5502"},{"taxonomy":"product_tag","embeddable":true,"href":"https:\/\/fukurogarage.com\/en\/wp-json\/wp\/v2\/product_tag?post=5502"}],"curies":[{"name":"wp","href":"https:\/\/api.w.org\/{rel}","templated":true}]}}