{"id":5263,"date":"2024-01-17T21:55:18","date_gmt":"2024-01-17T20:55:18","guid":{"rendered":"https:\/\/fukurogarage.com\/?post_type=product&#038;p=5263"},"modified":"2024-04-22T17:54:58","modified_gmt":"2024-04-22T15:54:58","slug":"collecteur-fujitsubo-super-ex","status":"publish","type":"product","link":"https:\/\/fukurogarage.com\/en\/product\/collecteur-fujitsubo-super-ex\/","title":{"rendered":"Fujitsubo Super Ex header for MX5 NA 1.6"},"content":{"rendered":"<div dir=\"auto\">\n<div dir=\"auto\">The Fujitsubo Super EX header combines build quality and performance and is one of the best headers on the market.<br \/>\nType : 4-1<br \/>\nInstallation should be possible on LHD (left-hand drive). But if you have any installation problems, don't hesitate to contact us by mail or on FB\/Insta<br \/>\nEtat : Bon \u00e9tat g\u00e9n\u00e9ral, je ne vois pas de fissures. Demande un bon polissage.<\/div>\n<\/div>","protected":false},"excerpt":{"rendered":"<p>The Fujitsubo Super EX header combines build quality and performance and is one of the best headers on the market.<\/p>","protected":false},"featured_media":5264,"comment_status":"open","ping_status":"closed","template":"","meta":[],"product_brand":[],"product_cat":[74],"product_tag":[],"class_list":{"0":"post-5263","1":"product","2":"type-product","3":"status-publish","4":"has-post-thumbnail","6":"product_cat-performance","7":"product_shipping_class-xl","9":"first","10":"outofstock","11":"sold-individually","12":"taxable","13":"shipping-taxable","14":"purchasable","15":"product-type-simple"},"_links":{"self":[{"href":"https:\/\/fukurogarage.com\/en\/wp-json\/wp\/v2\/product\/5263","targetHints":{"allow":["GET"]}}],"collection":[{"href":"https:\/\/fukurogarage.com\/en\/wp-json\/wp\/v2\/product"}],"about":[{"href":"https:\/\/fukurogarage.com\/en\/wp-json\/wp\/v2\/types\/product"}],"replies":[{"embeddable":true,"href":"https:\/\/fukurogarage.com\/en\/wp-json\/wp\/v2\/comments?post=5263"}],"version-history":[{"count":3,"href":"https:\/\/fukurogarage.com\/en\/wp-json\/wp\/v2\/product\/5263\/revisions"}],"predecessor-version":[{"id":5853,"href":"https:\/\/fukurogarage.com\/en\/wp-json\/wp\/v2\/product\/5263\/revisions\/5853"}],"wp:featuredmedia":[{"embeddable":true,"href":"https:\/\/fukurogarage.com\/en\/wp-json\/wp\/v2\/media\/5264"}],"wp:attachment":[{"href":"https:\/\/fukurogarage.com\/en\/wp-json\/wp\/v2\/media?parent=5263"}],"wp:term":[{"taxonomy":"product_brand","embeddable":true,"href":"https:\/\/fukurogarage.com\/en\/wp-json\/wp\/v2\/product_brand?post=5263"},{"taxonomy":"product_cat","embeddable":true,"href":"https:\/\/fukurogarage.com\/en\/wp-json\/wp\/v2\/product_cat?post=5263"},{"taxonomy":"product_tag","embeddable":true,"href":"https:\/\/fukurogarage.com\/en\/wp-json\/wp\/v2\/product_tag?post=5263"}],"curies":[{"name":"wp","href":"https:\/\/api.w.org\/{rel}","templated":true}]}}