{"id":5224,"date":"2024-01-17T21:34:39","date_gmt":"2024-01-17T20:34:39","guid":{"rendered":"https:\/\/fukurogarage.com\/?post_type=product&#038;p=5224"},"modified":"2024-07-05T12:41:11","modified_gmt":"2024-07-05T10:41:11","slug":"rays-volk-racing-mesh","status":"publish","type":"product","link":"https:\/\/fukurogarage.com\/en\/product\/rays-volk-racing-mesh\/","title":{"rendered":"Rays Volk Racing"},"content":{"rendered":"<p>Rays Volk Racing<br \/>\nInfo : Pair of Rays Volk Racing in 4x100 (which is very rare to find)<br \/>\n\u2022 Specs : 14x6.5 +10 FR\/RR | PCD : 4x100<br \/>\n\u2022 Condition : Good overall condition<\/p>","protected":false},"excerpt":{"rendered":"<p>\u2022 Infos : Paire de Rays Volk Racing en 4&#215;100 (ce qui est tr\u00e8s rare \u00e0 trouver) \u2022 Specs : 14&#215;6.5 +10 AV\/ARR | PCD : 4&#215;100 \u2022 Etat : Bon \u00e9tat g\u00e9n\u00e9ral<\/p>","protected":false},"featured_media":5225,"comment_status":"open","ping_status":"closed","template":"","meta":[],"product_brand":[],"product_cat":[19],"product_tag":[],"class_list":{"0":"post-5224","1":"product","2":"type-product","3":"status-publish","4":"has-post-thumbnail","6":"product_cat-jantes","7":"product_shipping_class-xl","9":"first","10":"instock","11":"sale","12":"taxable","13":"shipping-taxable","14":"purchasable","15":"product-type-simple"},"_links":{"self":[{"href":"https:\/\/fukurogarage.com\/en\/wp-json\/wp\/v2\/product\/5224","targetHints":{"allow":["GET"]}}],"collection":[{"href":"https:\/\/fukurogarage.com\/en\/wp-json\/wp\/v2\/product"}],"about":[{"href":"https:\/\/fukurogarage.com\/en\/wp-json\/wp\/v2\/types\/product"}],"replies":[{"embeddable":true,"href":"https:\/\/fukurogarage.com\/en\/wp-json\/wp\/v2\/comments?post=5224"}],"version-history":[{"count":2,"href":"https:\/\/fukurogarage.com\/en\/wp-json\/wp\/v2\/product\/5224\/revisions"}],"predecessor-version":[{"id":5864,"href":"https:\/\/fukurogarage.com\/en\/wp-json\/wp\/v2\/product\/5224\/revisions\/5864"}],"wp:featuredmedia":[{"embeddable":true,"href":"https:\/\/fukurogarage.com\/en\/wp-json\/wp\/v2\/media\/5225"}],"wp:attachment":[{"href":"https:\/\/fukurogarage.com\/en\/wp-json\/wp\/v2\/media?parent=5224"}],"wp:term":[{"taxonomy":"product_brand","embeddable":true,"href":"https:\/\/fukurogarage.com\/en\/wp-json\/wp\/v2\/product_brand?post=5224"},{"taxonomy":"product_cat","embeddable":true,"href":"https:\/\/fukurogarage.com\/en\/wp-json\/wp\/v2\/product_cat?post=5224"},{"taxonomy":"product_tag","embeddable":true,"href":"https:\/\/fukurogarage.com\/en\/wp-json\/wp\/v2\/product_tag?post=5224"}],"curies":[{"name":"wp","href":"https:\/\/api.w.org\/{rel}","templated":true}]}}