{"id":5194,"date":"2024-01-17T21:25:24","date_gmt":"2024-01-17T20:25:24","guid":{"rendered":"https:\/\/fukurogarage.com\/?post_type=product&#038;p=5194"},"modified":"2024-05-12T16:08:11","modified_gmt":"2024-05-12T14:08:11","slug":"ssr-hasemi-sport-s5","status":"publish","type":"product","link":"https:\/\/fukurogarage.com\/en\/product\/ssr-hasemi-sport-s5\/","title":{"rendered":"SSR Hasemi Sport S5"},"content":{"rendered":"<p>SSR Hasemi Sport S5<br \/>\n\u2022 Specs : 15\u00d76,5 +24 (FR\/RR) | PCD : 4\u00d7114.3<br \/>\n\u2022 Condition : Good overall condition, but the paint is a little tired. The center caps should ideally be rechromed (or via covering).<\/p>","protected":false},"excerpt":{"rendered":"<p>\u2022 Specs : 15&#215;6,5 +24 | PCD : 4&#215;114.3 \u2022 Etat : Bon \u00e9tat g\u00e9n\u00e9ral mais la peinture commence un peu \u00e0 fatiguer. Les caches sont \u00e0 rechromer id\u00e9alement (ou via un covering).<\/p>","protected":false},"featured_media":5195,"comment_status":"open","ping_status":"closed","template":"","meta":[],"product_brand":[],"product_cat":[19],"product_tag":[],"class_list":{"0":"post-5194","1":"product","2":"type-product","3":"status-publish","4":"has-post-thumbnail","6":"product_cat-jantes","7":"product_shipping_class-xl","9":"first","10":"instock","11":"sold-individually","12":"taxable","13":"shipping-taxable","14":"purchasable","15":"product-type-simple"},"_links":{"self":[{"href":"https:\/\/fukurogarage.com\/en\/wp-json\/wp\/v2\/product\/5194","targetHints":{"allow":["GET"]}}],"collection":[{"href":"https:\/\/fukurogarage.com\/en\/wp-json\/wp\/v2\/product"}],"about":[{"href":"https:\/\/fukurogarage.com\/en\/wp-json\/wp\/v2\/types\/product"}],"replies":[{"embeddable":true,"href":"https:\/\/fukurogarage.com\/en\/wp-json\/wp\/v2\/comments?post=5194"}],"version-history":[{"count":3,"href":"https:\/\/fukurogarage.com\/en\/wp-json\/wp\/v2\/product\/5194\/revisions"}],"predecessor-version":[{"id":5872,"href":"https:\/\/fukurogarage.com\/en\/wp-json\/wp\/v2\/product\/5194\/revisions\/5872"}],"wp:featuredmedia":[{"embeddable":true,"href":"https:\/\/fukurogarage.com\/en\/wp-json\/wp\/v2\/media\/5195"}],"wp:attachment":[{"href":"https:\/\/fukurogarage.com\/en\/wp-json\/wp\/v2\/media?parent=5194"}],"wp:term":[{"taxonomy":"product_brand","embeddable":true,"href":"https:\/\/fukurogarage.com\/en\/wp-json\/wp\/v2\/product_brand?post=5194"},{"taxonomy":"product_cat","embeddable":true,"href":"https:\/\/fukurogarage.com\/en\/wp-json\/wp\/v2\/product_cat?post=5194"},{"taxonomy":"product_tag","embeddable":true,"href":"https:\/\/fukurogarage.com\/en\/wp-json\/wp\/v2\/product_tag?post=5194"}],"curies":[{"name":"wp","href":"https:\/\/api.w.org\/{rel}","templated":true}]}}