{"id":5189,"date":"2024-01-17T21:20:55","date_gmt":"2024-01-17T20:20:55","guid":{"rendered":"https:\/\/fukurogarage.com\/?post_type=product&#038;p=5189"},"modified":"2024-08-19T21:28:54","modified_gmt":"2024-08-19T19:28:54","slug":"ssr-formula-mesh","status":"publish","type":"product","link":"https:\/\/fukurogarage.com\/en\/product\/ssr-formula-mesh\/","title":{"rendered":"SSR Formula Mesh"},"content":{"rendered":"<p>SSR Formula Mesh<br \/>\n\u2022 Info : Pair of SSR Formula Mesh<br \/>\n\u2022 Specs : 15x7 +-0 FR\/RR | PCD : 4x114.3<br \/>\n\u2022 Condition : Good overall condition<\/p>","protected":false},"excerpt":{"rendered":"<p>\u2022 Infos : Paire de Formula Mesh \u2022 Specs : 15&#215;7 +-0 AV\/ARR | PCD : 4&#215;114.3 \u2022 Etat : Bon \u00e9tat g\u00e9n\u00e9ral<\/p>","protected":false},"featured_media":5190,"comment_status":"open","ping_status":"closed","template":"","meta":[],"product_brand":[],"product_cat":[19],"product_tag":[],"class_list":{"0":"post-5189","1":"product","2":"type-product","3":"status-publish","4":"has-post-thumbnail","6":"product_cat-jantes","7":"product_shipping_class-xl","9":"first","10":"outofstock","11":"sold-individually","12":"taxable","13":"shipping-taxable","14":"purchasable","15":"product-type-simple"},"_links":{"self":[{"href":"https:\/\/fukurogarage.com\/en\/wp-json\/wp\/v2\/product\/5189","targetHints":{"allow":["GET"]}}],"collection":[{"href":"https:\/\/fukurogarage.com\/en\/wp-json\/wp\/v2\/product"}],"about":[{"href":"https:\/\/fukurogarage.com\/en\/wp-json\/wp\/v2\/types\/product"}],"replies":[{"embeddable":true,"href":"https:\/\/fukurogarage.com\/en\/wp-json\/wp\/v2\/comments?post=5189"}],"version-history":[{"count":2,"href":"https:\/\/fukurogarage.com\/en\/wp-json\/wp\/v2\/product\/5189\/revisions"}],"predecessor-version":[{"id":5873,"href":"https:\/\/fukurogarage.com\/en\/wp-json\/wp\/v2\/product\/5189\/revisions\/5873"}],"wp:featuredmedia":[{"embeddable":true,"href":"https:\/\/fukurogarage.com\/en\/wp-json\/wp\/v2\/media\/5190"}],"wp:attachment":[{"href":"https:\/\/fukurogarage.com\/en\/wp-json\/wp\/v2\/media?parent=5189"}],"wp:term":[{"taxonomy":"product_brand","embeddable":true,"href":"https:\/\/fukurogarage.com\/en\/wp-json\/wp\/v2\/product_brand?post=5189"},{"taxonomy":"product_cat","embeddable":true,"href":"https:\/\/fukurogarage.com\/en\/wp-json\/wp\/v2\/product_cat?post=5189"},{"taxonomy":"product_tag","embeddable":true,"href":"https:\/\/fukurogarage.com\/en\/wp-json\/wp\/v2\/product_tag?post=5189"}],"curies":[{"name":"wp","href":"https:\/\/api.w.org\/{rel}","templated":true}]}}