{"id":5181,"date":"2024-01-17T21:18:05","date_gmt":"2024-01-17T20:18:05","guid":{"rendered":"https:\/\/fukurogarage.com\/?post_type=product&#038;p=5181"},"modified":"2024-10-02T14:21:51","modified_gmt":"2024-10-02T12:21:51","slug":"rs-watanabe","status":"publish","type":"product","link":"https:\/\/fukurogarage.com\/en\/product\/rs-watanabe\/","title":{"rendered":"RS Watanabe"},"content":{"rendered":"<p>RS Watanabe<br \/>\n\u2022 Specs : 14\u00d76.5 +14.5 (FR) \u2013 14\u00d77 +8 (RR) | PCD : 4\u00d7114.3<br \/>\n\u2022 Condition : Good overall condition. Need new paint<\/p>","protected":false},"excerpt":{"rendered":"<p>\u2022 Specs : 14&#215;6.5 +14.5 (AV) &#8211; 14&#215;7 +8 (ARR) | PCD : 4&#215;114.3 \u2022 Etat : Bon \u00e9tat g\u00e9n\u00e9ral. A repeindre id\u00e9alement<\/p>","protected":false},"featured_media":5182,"comment_status":"open","ping_status":"closed","template":"","meta":[],"product_brand":[],"product_cat":[19],"product_tag":[],"class_list":{"0":"post-5181","1":"product","2":"type-product","3":"status-publish","4":"has-post-thumbnail","6":"product_cat-jantes","7":"product_shipping_class-xl","9":"first","10":"outofstock","11":"sale","12":"sold-individually","13":"taxable","14":"shipping-taxable","15":"purchasable","16":"product-type-simple"},"_links":{"self":[{"href":"https:\/\/fukurogarage.com\/en\/wp-json\/wp\/v2\/product\/5181","targetHints":{"allow":["GET"]}}],"collection":[{"href":"https:\/\/fukurogarage.com\/en\/wp-json\/wp\/v2\/product"}],"about":[{"href":"https:\/\/fukurogarage.com\/en\/wp-json\/wp\/v2\/types\/product"}],"replies":[{"embeddable":true,"href":"https:\/\/fukurogarage.com\/en\/wp-json\/wp\/v2\/comments?post=5181"}],"version-history":[{"count":2,"href":"https:\/\/fukurogarage.com\/en\/wp-json\/wp\/v2\/product\/5181\/revisions"}],"predecessor-version":[{"id":5874,"href":"https:\/\/fukurogarage.com\/en\/wp-json\/wp\/v2\/product\/5181\/revisions\/5874"}],"wp:featuredmedia":[{"embeddable":true,"href":"https:\/\/fukurogarage.com\/en\/wp-json\/wp\/v2\/media\/5182"}],"wp:attachment":[{"href":"https:\/\/fukurogarage.com\/en\/wp-json\/wp\/v2\/media?parent=5181"}],"wp:term":[{"taxonomy":"product_brand","embeddable":true,"href":"https:\/\/fukurogarage.com\/en\/wp-json\/wp\/v2\/product_brand?post=5181"},{"taxonomy":"product_cat","embeddable":true,"href":"https:\/\/fukurogarage.com\/en\/wp-json\/wp\/v2\/product_cat?post=5181"},{"taxonomy":"product_tag","embeddable":true,"href":"https:\/\/fukurogarage.com\/en\/wp-json\/wp\/v2\/product_tag?post=5181"}],"curies":[{"name":"wp","href":"https:\/\/api.w.org\/{rel}","templated":true}]}}