{"id":5167,"date":"2024-01-17T21:14:22","date_gmt":"2024-01-17T20:14:22","guid":{"rendered":"https:\/\/fukurogarage.com\/?post_type=product&#038;p=5167"},"modified":"2024-06-23T20:02:30","modified_gmt":"2024-06-23T18:02:30","slug":"advan-rally-3-spokes","status":"publish","type":"product","link":"https:\/\/fukurogarage.com\/en\/product\/advan-rally-3-spokes\/","title":{"rendered":"Advan Rally 3 spokes"},"content":{"rendered":"<p>Advan Rally 3 spokes<br \/>\nInfo : 3 spokes design from Advan, less common and rarer than the Advan A3A.<br \/>\n\u2022 Specs : 14x6 +15 FR\/RR | PCD : 4x114.3<br \/>\n\u2022 Condition : To be restored. There is a few bends.<\/p>","protected":false},"excerpt":{"rendered":"<p>\u2022 Infos : Jantes 3 b\u00e2tons du fabricant Advan qui sont moins courantes et plus rares que les c\u00e9l\u00e8bres Advan A3A. \u2022 Specs : 14&#215;6 +15 AV\/ARR | PCD : 4&#215;114.3 \u2022 Etat : Pr\u00e9sence de plats<\/p>","protected":false},"featured_media":5168,"comment_status":"open","ping_status":"closed","template":"","meta":[],"product_brand":[],"product_cat":[19],"product_tag":[],"class_list":{"0":"post-5167","1":"product","2":"type-product","3":"status-publish","4":"has-post-thumbnail","6":"product_cat-jantes","7":"product_shipping_class-xl","9":"first","10":"outofstock","11":"sale","12":"sold-individually","13":"taxable","14":"shipping-taxable","15":"purchasable","16":"product-type-simple"},"_links":{"self":[{"href":"https:\/\/fukurogarage.com\/en\/wp-json\/wp\/v2\/product\/5167","targetHints":{"allow":["GET"]}}],"collection":[{"href":"https:\/\/fukurogarage.com\/en\/wp-json\/wp\/v2\/product"}],"about":[{"href":"https:\/\/fukurogarage.com\/en\/wp-json\/wp\/v2\/types\/product"}],"replies":[{"embeddable":true,"href":"https:\/\/fukurogarage.com\/en\/wp-json\/wp\/v2\/comments?post=5167"}],"version-history":[{"count":3,"href":"https:\/\/fukurogarage.com\/en\/wp-json\/wp\/v2\/product\/5167\/revisions"}],"predecessor-version":[{"id":5878,"href":"https:\/\/fukurogarage.com\/en\/wp-json\/wp\/v2\/product\/5167\/revisions\/5878"}],"wp:featuredmedia":[{"embeddable":true,"href":"https:\/\/fukurogarage.com\/en\/wp-json\/wp\/v2\/media\/5168"}],"wp:attachment":[{"href":"https:\/\/fukurogarage.com\/en\/wp-json\/wp\/v2\/media?parent=5167"}],"wp:term":[{"taxonomy":"product_brand","embeddable":true,"href":"https:\/\/fukurogarage.com\/en\/wp-json\/wp\/v2\/product_brand?post=5167"},{"taxonomy":"product_cat","embeddable":true,"href":"https:\/\/fukurogarage.com\/en\/wp-json\/wp\/v2\/product_cat?post=5167"},{"taxonomy":"product_tag","embeddable":true,"href":"https:\/\/fukurogarage.com\/en\/wp-json\/wp\/v2\/product_tag?post=5167"}],"curies":[{"name":"wp","href":"https:\/\/api.w.org\/{rel}","templated":true}]}}