{"id":5162,"date":"2024-01-17T21:12:34","date_gmt":"2024-01-17T20:12:34","guid":{"rendered":"https:\/\/fukurogarage.com\/?post_type=product&#038;p=5162"},"modified":"2024-04-02T20:34:13","modified_gmt":"2024-04-02T18:34:13","slug":"hero-wheels","status":"publish","type":"product","link":"https:\/\/fukurogarage.com\/en\/product\/hero-wheels\/","title":{"rendered":"Hero"},"content":{"rendered":"<p>Hero<br \/>\nInfo : Pair of Hero (similar to SSR XR4 but with a different number of bolts)<br \/>\n\u2022 Specs : 14x7 +-0 FR\/RR | PCD : 4x114.3<br \/>\n\u2022 Condition : Good overall condition<\/p>","protected":false},"excerpt":{"rendered":"<p>\u2022 Infos : Paire d&rsquo;Hero (similaire aux SSR XR4 mais avec un nombre de boulons diff\u00e9rents) \u2022 Specs : 14&#215;7 +-0 AV\/ARR | PCD : 4&#215;114.3 \u2022 Etat : Bon \u00e9tat g\u00e9n\u00e9ral<\/p>","protected":false},"featured_media":5163,"comment_status":"open","ping_status":"closed","template":"","meta":[],"product_brand":[],"product_cat":[19],"product_tag":[],"class_list":{"0":"post-5162","1":"product","2":"type-product","3":"status-publish","4":"has-post-thumbnail","6":"product_cat-jantes","7":"product_shipping_class-xl","9":"first","10":"outofstock","11":"sold-individually","12":"taxable","13":"shipping-taxable","14":"purchasable","15":"product-type-simple"},"_links":{"self":[{"href":"https:\/\/fukurogarage.com\/en\/wp-json\/wp\/v2\/product\/5162","targetHints":{"allow":["GET"]}}],"collection":[{"href":"https:\/\/fukurogarage.com\/en\/wp-json\/wp\/v2\/product"}],"about":[{"href":"https:\/\/fukurogarage.com\/en\/wp-json\/wp\/v2\/types\/product"}],"replies":[{"embeddable":true,"href":"https:\/\/fukurogarage.com\/en\/wp-json\/wp\/v2\/comments?post=5162"}],"version-history":[{"count":3,"href":"https:\/\/fukurogarage.com\/en\/wp-json\/wp\/v2\/product\/5162\/revisions"}],"predecessor-version":[{"id":6210,"href":"https:\/\/fukurogarage.com\/en\/wp-json\/wp\/v2\/product\/5162\/revisions\/6210"}],"wp:featuredmedia":[{"embeddable":true,"href":"https:\/\/fukurogarage.com\/en\/wp-json\/wp\/v2\/media\/5163"}],"wp:attachment":[{"href":"https:\/\/fukurogarage.com\/en\/wp-json\/wp\/v2\/media?parent=5162"}],"wp:term":[{"taxonomy":"product_brand","embeddable":true,"href":"https:\/\/fukurogarage.com\/en\/wp-json\/wp\/v2\/product_brand?post=5162"},{"taxonomy":"product_cat","embeddable":true,"href":"https:\/\/fukurogarage.com\/en\/wp-json\/wp\/v2\/product_cat?post=5162"},{"taxonomy":"product_tag","embeddable":true,"href":"https:\/\/fukurogarage.com\/en\/wp-json\/wp\/v2\/product_tag?post=5162"}],"curies":[{"name":"wp","href":"https:\/\/api.w.org\/{rel}","templated":true}]}}