{"id":5148,"date":"2024-01-17T21:08:02","date_gmt":"2024-01-17T20:08:02","guid":{"rendered":"https:\/\/fukurogarage.com\/?post_type=product&#038;p=5148"},"modified":"2024-05-12T16:08:11","modified_gmt":"2024-05-12T14:08:11","slug":"focus-racing-mesh","status":"publish","type":"product","link":"https:\/\/fukurogarage.com\/en\/product\/focus-racing-mesh\/","title":{"rendered":"Focus Racing Mesh"},"content":{"rendered":"<p>Focus Racing Mesh<br \/>\n\u2022 Info : Uncommon and rarely seen at auctions<br \/>\n\u2022 Specs : 14x6 (FR) - 14x7.5 (RR) | PCD : 4x114.3<br \/>\n\u2022 Condition : The lips are a little marked by the years. Some slight bends too.<\/p>","protected":false},"excerpt":{"rendered":"<p>\u2022 Infos : Mod\u00e8le peu courant et rare aux ench\u00e8res \u2022 Specs : 14&#215;6 et 14&#215;7.5 | PCD : 4&#215;114.3 \u2022 Etat : Les voiles sont peu marqu\u00e9s par les ann\u00e9es mais pr\u00e9sence de l\u00e9ger plats.<\/p>","protected":false},"featured_media":5149,"comment_status":"open","ping_status":"closed","template":"","meta":[],"product_brand":[],"product_cat":[19],"product_tag":[],"class_list":{"0":"post-5148","1":"product","2":"type-product","3":"status-publish","4":"has-post-thumbnail","6":"product_cat-jantes","7":"product_shipping_class-xl","9":"first","10":"instock","11":"sold-individually","12":"taxable","13":"shipping-taxable","14":"purchasable","15":"product-type-simple"},"_links":{"self":[{"href":"https:\/\/fukurogarage.com\/en\/wp-json\/wp\/v2\/product\/5148","targetHints":{"allow":["GET"]}}],"collection":[{"href":"https:\/\/fukurogarage.com\/en\/wp-json\/wp\/v2\/product"}],"about":[{"href":"https:\/\/fukurogarage.com\/en\/wp-json\/wp\/v2\/types\/product"}],"replies":[{"embeddable":true,"href":"https:\/\/fukurogarage.com\/en\/wp-json\/wp\/v2\/comments?post=5148"}],"version-history":[{"count":2,"href":"https:\/\/fukurogarage.com\/en\/wp-json\/wp\/v2\/product\/5148\/revisions"}],"predecessor-version":[{"id":5883,"href":"https:\/\/fukurogarage.com\/en\/wp-json\/wp\/v2\/product\/5148\/revisions\/5883"}],"wp:featuredmedia":[{"embeddable":true,"href":"https:\/\/fukurogarage.com\/en\/wp-json\/wp\/v2\/media\/5149"}],"wp:attachment":[{"href":"https:\/\/fukurogarage.com\/en\/wp-json\/wp\/v2\/media?parent=5148"}],"wp:term":[{"taxonomy":"product_brand","embeddable":true,"href":"https:\/\/fukurogarage.com\/en\/wp-json\/wp\/v2\/product_brand?post=5148"},{"taxonomy":"product_cat","embeddable":true,"href":"https:\/\/fukurogarage.com\/en\/wp-json\/wp\/v2\/product_cat?post=5148"},{"taxonomy":"product_tag","embeddable":true,"href":"https:\/\/fukurogarage.com\/en\/wp-json\/wp\/v2\/product_tag?post=5148"}],"curies":[{"name":"wp","href":"https:\/\/api.w.org\/{rel}","templated":true}]}}