{"id":5141,"date":"2024-01-17T21:04:48","date_gmt":"2024-01-17T20:04:48","guid":{"rendered":"https:\/\/fukurogarage.com\/?post_type=product&#038;p=5141"},"modified":"2024-07-20T11:11:33","modified_gmt":"2024-07-20T09:11:33","slug":"dunlop-te-tri-spoke","status":"publish","type":"product","link":"https:\/\/fukurogarage.com\/en\/product\/dunlop-te-tri-spoke\/","title":{"rendered":"Dunlop TE Tri spoke"},"content":{"rendered":"<p>Dunlop TE Tri spoke<br \/>\nInfo : Very rare aero wheels. Perfect for an 80's look<br \/>\n\u2022 Specs : 14x6 FR\/RR | PCD : 5x100<br \/>\n\u2022 Condition : Good overall condition, not bended<\/p>","protected":false},"excerpt":{"rendered":"<p>\u2022 Infos : Jantes tr\u00e8s rares au design de type aero. Parfait pour un look 80&rsquo;s.\u00a0 \u2022 Specs : 14&#215;6 AV\/ARR | PCD : 5&#215;100 \u2022 Etat : Bon \u00e9tat g\u00e9n\u00e9ral, non voil\u00e9es<\/p>","protected":false},"featured_media":5142,"comment_status":"open","ping_status":"closed","template":"","meta":[],"product_brand":[],"product_cat":[19],"product_tag":[],"class_list":{"0":"post-5141","1":"product","2":"type-product","3":"status-publish","4":"has-post-thumbnail","6":"product_cat-jantes","7":"product_shipping_class-xl","9":"first","10":"instock","11":"taxable","12":"shipping-taxable","13":"purchasable","14":"product-type-simple"},"_links":{"self":[{"href":"https:\/\/fukurogarage.com\/en\/wp-json\/wp\/v2\/product\/5141","targetHints":{"allow":["GET"]}}],"collection":[{"href":"https:\/\/fukurogarage.com\/en\/wp-json\/wp\/v2\/product"}],"about":[{"href":"https:\/\/fukurogarage.com\/en\/wp-json\/wp\/v2\/types\/product"}],"replies":[{"embeddable":true,"href":"https:\/\/fukurogarage.com\/en\/wp-json\/wp\/v2\/comments?post=5141"}],"version-history":[{"count":3,"href":"https:\/\/fukurogarage.com\/en\/wp-json\/wp\/v2\/product\/5141\/revisions"}],"predecessor-version":[{"id":5885,"href":"https:\/\/fukurogarage.com\/en\/wp-json\/wp\/v2\/product\/5141\/revisions\/5885"}],"wp:featuredmedia":[{"embeddable":true,"href":"https:\/\/fukurogarage.com\/en\/wp-json\/wp\/v2\/media\/5142"}],"wp:attachment":[{"href":"https:\/\/fukurogarage.com\/en\/wp-json\/wp\/v2\/media?parent=5141"}],"wp:term":[{"taxonomy":"product_brand","embeddable":true,"href":"https:\/\/fukurogarage.com\/en\/wp-json\/wp\/v2\/product_brand?post=5141"},{"taxonomy":"product_cat","embeddable":true,"href":"https:\/\/fukurogarage.com\/en\/wp-json\/wp\/v2\/product_cat?post=5141"},{"taxonomy":"product_tag","embeddable":true,"href":"https:\/\/fukurogarage.com\/en\/wp-json\/wp\/v2\/product_tag?post=5141"}],"curies":[{"name":"wp","href":"https:\/\/api.w.org\/{rel}","templated":true}]}}