{"id":5125,"date":"2024-01-17T18:53:50","date_gmt":"2024-01-17T17:53:50","guid":{"rendered":"https:\/\/fukurogarage.com\/?post_type=product&#038;p=5125"},"modified":"2024-05-12T16:08:11","modified_gmt":"2024-05-12T14:08:11","slug":"nissan-skyline-dr30-turbo-rs","status":"publish","type":"product","link":"https:\/\/fukurogarage.com\/en\/product\/nissan-skyline-dr30-turbo-rs\/","title":{"rendered":"NISSAN SKYLINE DR30 Turbo RS"},"content":{"rendered":"<p>NISSAN SKYLINE DR30 Turbo RS<br \/>\nInfo : Original wheels fitted on the RS version of the Nissan Skyline DR30. Rare rims which can also be fitted on other cars of course.<br \/>\n\u2022 Specs : 15x6 +30 FR\/RR | PCD : 4x114.3<br \/>\n\u2022 Condition : Good condition, no cracks. A few paint chips. The tires are quite old (2014).<\/p>","protected":false},"excerpt":{"rendered":"<p>\u2022 Infos : Jantes mont\u00e9es d&rsquo;origine sur la version RS de la Nissan Skyline DR30. Jantes rares qui peuvent bien entendu \u00eatre mont\u00e9es sur d&rsquo;autres voitures \u2022 Specs : 15&#215;6 +30 AV\/ARR | PCD : 4&#215;114.3<\/p>","protected":false},"featured_media":5126,"comment_status":"open","ping_status":"closed","template":"","meta":[],"product_brand":[],"product_cat":[19],"product_tag":[],"class_list":{"0":"post-5125","1":"product","2":"type-product","3":"status-publish","4":"has-post-thumbnail","6":"product_cat-jantes","7":"product_shipping_class-xl","9":"first","10":"instock","11":"sold-individually","12":"taxable","13":"shipping-taxable","14":"purchasable","15":"product-type-simple"},"_links":{"self":[{"href":"https:\/\/fukurogarage.com\/en\/wp-json\/wp\/v2\/product\/5125","targetHints":{"allow":["GET"]}}],"collection":[{"href":"https:\/\/fukurogarage.com\/en\/wp-json\/wp\/v2\/product"}],"about":[{"href":"https:\/\/fukurogarage.com\/en\/wp-json\/wp\/v2\/types\/product"}],"replies":[{"embeddable":true,"href":"https:\/\/fukurogarage.com\/en\/wp-json\/wp\/v2\/comments?post=5125"}],"version-history":[{"count":3,"href":"https:\/\/fukurogarage.com\/en\/wp-json\/wp\/v2\/product\/5125\/revisions"}],"predecessor-version":[{"id":5888,"href":"https:\/\/fukurogarage.com\/en\/wp-json\/wp\/v2\/product\/5125\/revisions\/5888"}],"wp:featuredmedia":[{"embeddable":true,"href":"https:\/\/fukurogarage.com\/en\/wp-json\/wp\/v2\/media\/5126"}],"wp:attachment":[{"href":"https:\/\/fukurogarage.com\/en\/wp-json\/wp\/v2\/media?parent=5125"}],"wp:term":[{"taxonomy":"product_brand","embeddable":true,"href":"https:\/\/fukurogarage.com\/en\/wp-json\/wp\/v2\/product_brand?post=5125"},{"taxonomy":"product_cat","embeddable":true,"href":"https:\/\/fukurogarage.com\/en\/wp-json\/wp\/v2\/product_cat?post=5125"},{"taxonomy":"product_tag","embeddable":true,"href":"https:\/\/fukurogarage.com\/en\/wp-json\/wp\/v2\/product_tag?post=5125"}],"curies":[{"name":"wp","href":"https:\/\/api.w.org\/{rel}","templated":true}]}}