{"id":5111,"date":"2024-01-17T18:49:53","date_gmt":"2024-01-17T17:49:53","guid":{"rendered":"https:\/\/fukurogarage.com\/?post_type=product&#038;p=5111"},"modified":"2024-05-12T16:08:12","modified_gmt":"2024-05-12T14:08:12","slug":"art-zriw-riue","status":"publish","type":"product","link":"https:\/\/fukurogarage.com\/en\/product\/art-zriw-riue\/","title":{"rendered":"ART ZRIW RIUE"},"content":{"rendered":"<p>ART ZRIW RIUE<br \/>\n\u2022 Specs : 14x6 +20 FR\/RR | PCD : 4x114.3<br \/>\n\u2022 Condition : Good overall condition, not bended<\/p>","protected":false},"excerpt":{"rendered":"<p>\u2022 Specs : 14&#215;6 + 20 AV\/ARR | PCD : 4&#215;114.3 \u2022 Etat : Bon \u00e9tat g\u00e9n\u00e9ral, non voil\u00e9es<\/p>","protected":false},"featured_media":5112,"comment_status":"open","ping_status":"closed","template":"","meta":[],"product_brand":[],"product_cat":[19],"product_tag":[],"class_list":{"0":"post-5111","1":"product","2":"type-product","3":"status-publish","4":"has-post-thumbnail","6":"product_cat-jantes","7":"product_shipping_class-xl","9":"first","10":"instock","11":"sold-individually","12":"taxable","13":"shipping-taxable","14":"purchasable","15":"product-type-simple"},"_links":{"self":[{"href":"https:\/\/fukurogarage.com\/en\/wp-json\/wp\/v2\/product\/5111","targetHints":{"allow":["GET"]}}],"collection":[{"href":"https:\/\/fukurogarage.com\/en\/wp-json\/wp\/v2\/product"}],"about":[{"href":"https:\/\/fukurogarage.com\/en\/wp-json\/wp\/v2\/types\/product"}],"replies":[{"embeddable":true,"href":"https:\/\/fukurogarage.com\/en\/wp-json\/wp\/v2\/comments?post=5111"}],"version-history":[{"count":2,"href":"https:\/\/fukurogarage.com\/en\/wp-json\/wp\/v2\/product\/5111\/revisions"}],"predecessor-version":[{"id":5891,"href":"https:\/\/fukurogarage.com\/en\/wp-json\/wp\/v2\/product\/5111\/revisions\/5891"}],"wp:featuredmedia":[{"embeddable":true,"href":"https:\/\/fukurogarage.com\/en\/wp-json\/wp\/v2\/media\/5112"}],"wp:attachment":[{"href":"https:\/\/fukurogarage.com\/en\/wp-json\/wp\/v2\/media?parent=5111"}],"wp:term":[{"taxonomy":"product_brand","embeddable":true,"href":"https:\/\/fukurogarage.com\/en\/wp-json\/wp\/v2\/product_brand?post=5111"},{"taxonomy":"product_cat","embeddable":true,"href":"https:\/\/fukurogarage.com\/en\/wp-json\/wp\/v2\/product_cat?post=5111"},{"taxonomy":"product_tag","embeddable":true,"href":"https:\/\/fukurogarage.com\/en\/wp-json\/wp\/v2\/product_tag?post=5111"}],"curies":[{"name":"wp","href":"https:\/\/api.w.org\/{rel}","templated":true}]}}