{"id":5097,"date":"2024-01-17T18:44:13","date_gmt":"2024-01-17T17:44:13","guid":{"rendered":"https:\/\/fukurogarage.com\/?post_type=product&#038;p=5097"},"modified":"2024-08-20T20:48:27","modified_gmt":"2024-08-20T18:48:27","slug":"advan-ars","status":"publish","type":"product","link":"https:\/\/fukurogarage.com\/en\/product\/advan-ars\/","title":{"rendered":"Advan ARS"},"content":{"rendered":"<p>Advan ARS<br \/>\n\u2022 Specs : 14x6 + 35 FR\/RR | PCD : 4x114.3<br \/>\n\u2022 Condition : Good overall condition, not bended.<\/p>","protected":false},"excerpt":{"rendered":"<p>\u2022 Specs : 14&#215;6 + 35 AV\/ARR | PCD : 4&#215;114.3 \u2022 Etat : Bon \u00e9tat g\u00e9n\u00e9ral, non voil\u00e9es. A repeindre id\u00e9alement<\/p>","protected":false},"featured_media":5098,"comment_status":"open","ping_status":"closed","template":"","meta":[],"product_brand":[],"product_cat":[19],"product_tag":[],"class_list":{"0":"post-5097","1":"product","2":"type-product","3":"status-publish","4":"has-post-thumbnail","6":"product_cat-jantes","7":"product_shipping_class-xl","9":"first","10":"outofstock","11":"sold-individually","12":"taxable","13":"shipping-taxable","14":"purchasable","15":"product-type-simple"},"_links":{"self":[{"href":"https:\/\/fukurogarage.com\/en\/wp-json\/wp\/v2\/product\/5097","targetHints":{"allow":["GET"]}}],"collection":[{"href":"https:\/\/fukurogarage.com\/en\/wp-json\/wp\/v2\/product"}],"about":[{"href":"https:\/\/fukurogarage.com\/en\/wp-json\/wp\/v2\/types\/product"}],"replies":[{"embeddable":true,"href":"https:\/\/fukurogarage.com\/en\/wp-json\/wp\/v2\/comments?post=5097"}],"version-history":[{"count":6,"href":"https:\/\/fukurogarage.com\/en\/wp-json\/wp\/v2\/product\/5097\/revisions"}],"predecessor-version":[{"id":6340,"href":"https:\/\/fukurogarage.com\/en\/wp-json\/wp\/v2\/product\/5097\/revisions\/6340"}],"wp:featuredmedia":[{"embeddable":true,"href":"https:\/\/fukurogarage.com\/en\/wp-json\/wp\/v2\/media\/5098"}],"wp:attachment":[{"href":"https:\/\/fukurogarage.com\/en\/wp-json\/wp\/v2\/media?parent=5097"}],"wp:term":[{"taxonomy":"product_brand","embeddable":true,"href":"https:\/\/fukurogarage.com\/en\/wp-json\/wp\/v2\/product_brand?post=5097"},{"taxonomy":"product_cat","embeddable":true,"href":"https:\/\/fukurogarage.com\/en\/wp-json\/wp\/v2\/product_cat?post=5097"},{"taxonomy":"product_tag","embeddable":true,"href":"https:\/\/fukurogarage.com\/en\/wp-json\/wp\/v2\/product_tag?post=5097"}],"curies":[{"name":"wp","href":"https:\/\/api.w.org\/{rel}","templated":true}]}}