{"id":5072,"date":"2024-01-17T18:31:22","date_gmt":"2024-01-17T17:31:22","guid":{"rendered":"https:\/\/fukurogarage.com\/?post_type=product&#038;p=5072"},"modified":"2024-06-25T01:23:18","modified_gmt":"2024-06-24T23:23:18","slug":"advan-a3a-red","status":"publish","type":"product","link":"https:\/\/fukurogarage.com\/en\/product\/advan-a3a-red\/","title":{"rendered":"Advan A3A"},"content":{"rendered":"<p>Advan A3A Red<br \/>\n\u2022 Info : One of the most popular 3 spokes designs. Disontinued wheels.<br \/>\n\u2022 Specs : 14x6 +6 FR\/RR | PCD : 4x114.3<br \/>\n\u2022 Condition : Good overall condition, not bended<\/p>","protected":false},"excerpt":{"rendered":"<p>\u2022 Infos : Un des designs 3 b\u00e2tons les plus populaires \u2022 Specs : 14&#215;6 +6 AV\/ARR | PCD : 4&#215;114.3 \u2022 Etat : Bon \u00e9tat g\u00e9n\u00e9ral, non voil\u00e9es<\/p>","protected":false},"featured_media":5073,"comment_status":"open","ping_status":"closed","template":"","meta":[],"product_brand":[],"product_cat":[19],"product_tag":[],"class_list":{"0":"post-5072","1":"product","2":"type-product","3":"status-publish","4":"has-post-thumbnail","6":"product_cat-jantes","7":"product_shipping_class-xl","9":"first","10":"outofstock","11":"sold-individually","12":"taxable","13":"shipping-taxable","14":"purchasable","15":"product-type-simple"},"_links":{"self":[{"href":"https:\/\/fukurogarage.com\/en\/wp-json\/wp\/v2\/product\/5072","targetHints":{"allow":["GET"]}}],"collection":[{"href":"https:\/\/fukurogarage.com\/en\/wp-json\/wp\/v2\/product"}],"about":[{"href":"https:\/\/fukurogarage.com\/en\/wp-json\/wp\/v2\/types\/product"}],"replies":[{"embeddable":true,"href":"https:\/\/fukurogarage.com\/en\/wp-json\/wp\/v2\/comments?post=5072"}],"version-history":[{"count":5,"href":"https:\/\/fukurogarage.com\/en\/wp-json\/wp\/v2\/product\/5072\/revisions"}],"predecessor-version":[{"id":6335,"href":"https:\/\/fukurogarage.com\/en\/wp-json\/wp\/v2\/product\/5072\/revisions\/6335"}],"wp:featuredmedia":[{"embeddable":true,"href":"https:\/\/fukurogarage.com\/en\/wp-json\/wp\/v2\/media\/5073"}],"wp:attachment":[{"href":"https:\/\/fukurogarage.com\/en\/wp-json\/wp\/v2\/media?parent=5072"}],"wp:term":[{"taxonomy":"product_brand","embeddable":true,"href":"https:\/\/fukurogarage.com\/en\/wp-json\/wp\/v2\/product_brand?post=5072"},{"taxonomy":"product_cat","embeddable":true,"href":"https:\/\/fukurogarage.com\/en\/wp-json\/wp\/v2\/product_cat?post=5072"},{"taxonomy":"product_tag","embeddable":true,"href":"https:\/\/fukurogarage.com\/en\/wp-json\/wp\/v2\/product_tag?post=5072"}],"curies":[{"name":"wp","href":"https:\/\/api.w.org\/{rel}","templated":true}]}}