{"id":4640,"date":"2023-10-24T19:07:23","date_gmt":"2023-10-24T17:07:23","guid":{"rendered":"https:\/\/fukurogarage.com\/?post_type=product&#038;p=4640"},"modified":"2024-05-31T18:38:28","modified_gmt":"2024-05-31T16:38:28","slug":"barre-anti-rapprochement-oem-rs","status":"publish","type":"product","link":"https:\/\/fukurogarage.com\/en\/product\/barre-anti-rapprochement-oem-rs\/","title":{"rendered":"OEM RS front strut brace for MX5 NA\/NB"},"content":{"rendered":"<div dir=\"auto\">\n<div dir=\"auto\">OEM RS front strut brace for MX5 NA\/NB<br \/>\nPresent on some editions of the mx5. Helps strengthen the chassis and improve steering precision<\/div>\n<\/div>","protected":false},"excerpt":{"rendered":"<p>Pr\u00e9sente sur certaines \u00e9ditions de mx5. Permet de renforcer le ch\u00e2ssis et d&rsquo;am\u00e9liorer la pr\u00e9cision de la direction<\/p>","protected":false},"featured_media":5271,"comment_status":"open","ping_status":"closed","template":"","meta":[],"product_brand":[],"product_cat":[74],"product_tag":[],"class_list":{"0":"post-4640","1":"product","2":"type-product","3":"status-publish","4":"has-post-thumbnail","6":"product_cat-performance","7":"product_shipping_class-xl","9":"first","10":"outofstock","11":"sale","12":"sold-individually","13":"taxable","14":"shipping-taxable","15":"purchasable","16":"product-type-simple"},"_links":{"self":[{"href":"https:\/\/fukurogarage.com\/en\/wp-json\/wp\/v2\/product\/4640","targetHints":{"allow":["GET"]}}],"collection":[{"href":"https:\/\/fukurogarage.com\/en\/wp-json\/wp\/v2\/product"}],"about":[{"href":"https:\/\/fukurogarage.com\/en\/wp-json\/wp\/v2\/types\/product"}],"replies":[{"embeddable":true,"href":"https:\/\/fukurogarage.com\/en\/wp-json\/wp\/v2\/comments?post=4640"}],"version-history":[{"count":6,"href":"https:\/\/fukurogarage.com\/en\/wp-json\/wp\/v2\/product\/4640\/revisions"}],"predecessor-version":[{"id":6377,"href":"https:\/\/fukurogarage.com\/en\/wp-json\/wp\/v2\/product\/4640\/revisions\/6377"}],"wp:featuredmedia":[{"embeddable":true,"href":"https:\/\/fukurogarage.com\/en\/wp-json\/wp\/v2\/media\/5271"}],"wp:attachment":[{"href":"https:\/\/fukurogarage.com\/en\/wp-json\/wp\/v2\/media?parent=4640"}],"wp:term":[{"taxonomy":"product_brand","embeddable":true,"href":"https:\/\/fukurogarage.com\/en\/wp-json\/wp\/v2\/product_brand?post=4640"},{"taxonomy":"product_cat","embeddable":true,"href":"https:\/\/fukurogarage.com\/en\/wp-json\/wp\/v2\/product_cat?post=4640"},{"taxonomy":"product_tag","embeddable":true,"href":"https:\/\/fukurogarage.com\/en\/wp-json\/wp\/v2\/product_tag?post=4640"}],"curies":[{"name":"wp","href":"https:\/\/api.w.org\/{rel}","templated":true}]}}