{"id":4636,"date":"2023-10-24T19:01:28","date_gmt":"2023-10-24T17:01:28","guid":{"rendered":"https:\/\/fukurogarage.com\/?post_type=product&#038;p=4636"},"modified":"2024-05-12T16:17:19","modified_gmt":"2024-05-12T14:17:19","slug":"us-racing-sports-type-3-pour-mx5-na","status":"publish","type":"product","link":"https:\/\/fukurogarage.com\/en\/product\/us-racing-sports-type-3-pour-mx5-na\/","title":{"rendered":"US Racing Sports Type-3 front bumper for MX5 NA"},"content":{"rendered":"<div dir=\"auto\">Pare-chocs con\u00e7u par US Racing Sports, qui est un petit pr\u00e9parateur bas\u00e9 \u00e0 Tochigi.<br \/>\nLe PC US Racing Sports Type-3 a un bon fit et une bonne qualit\u00e9 de fabrication pour un prix assez accessible.<\/div>\n<div dir=\"auto\"><\/div>\n<div dir=\"auto\"><\/div>","protected":false},"excerpt":{"rendered":"<p>Pare-chocs con\u00e7u par US Racing Sports, qui est un petit pr\u00e9parateur bas\u00e9 \u00e0 Tochigi.<\/p>","protected":false},"featured_media":4625,"comment_status":"open","ping_status":"closed","template":"","meta":[],"product_brand":[],"product_cat":[25],"product_tag":[],"class_list":{"0":"post-4636","1":"product","2":"type-product","3":"status-publish","4":"has-post-thumbnail","6":"product_cat-pieces-exterieur","7":"product_shipping_class-xxl","9":"first","10":"onbackorder","11":"taxable","12":"shipping-taxable","13":"purchasable","14":"product-type-simple"},"_links":{"self":[{"href":"https:\/\/fukurogarage.com\/en\/wp-json\/wp\/v2\/product\/4636","targetHints":{"allow":["GET"]}}],"collection":[{"href":"https:\/\/fukurogarage.com\/en\/wp-json\/wp\/v2\/product"}],"about":[{"href":"https:\/\/fukurogarage.com\/en\/wp-json\/wp\/v2\/types\/product"}],"replies":[{"embeddable":true,"href":"https:\/\/fukurogarage.com\/en\/wp-json\/wp\/v2\/comments?post=4636"}],"version-history":[{"count":5,"href":"https:\/\/fukurogarage.com\/en\/wp-json\/wp\/v2\/product\/4636\/revisions"}],"predecessor-version":[{"id":6330,"href":"https:\/\/fukurogarage.com\/en\/wp-json\/wp\/v2\/product\/4636\/revisions\/6330"}],"wp:featuredmedia":[{"embeddable":true,"href":"https:\/\/fukurogarage.com\/en\/wp-json\/wp\/v2\/media\/4625"}],"wp:attachment":[{"href":"https:\/\/fukurogarage.com\/en\/wp-json\/wp\/v2\/media?parent=4636"}],"wp:term":[{"taxonomy":"product_brand","embeddable":true,"href":"https:\/\/fukurogarage.com\/en\/wp-json\/wp\/v2\/product_brand?post=4636"},{"taxonomy":"product_cat","embeddable":true,"href":"https:\/\/fukurogarage.com\/en\/wp-json\/wp\/v2\/product_cat?post=4636"},{"taxonomy":"product_tag","embeddable":true,"href":"https:\/\/fukurogarage.com\/en\/wp-json\/wp\/v2\/product_tag?post=4636"}],"curies":[{"name":"wp","href":"https:\/\/api.w.org\/{rel}","templated":true}]}}