{"id":41,"date":"2023-10-21T15:58:56","date_gmt":"2023-10-21T13:58:56","guid":{"rendered":"https:\/\/fukurogarage.com\/?post_type=product&#038;p=41"},"modified":"2024-04-24T19:00:34","modified_gmt":"2024-04-24T17:00:34","slug":"ssr-type-c","status":"publish","type":"product","link":"https:\/\/fukurogarage.com\/en\/product\/ssr-type-c\/","title":{"rendered":"SSR Type C"},"content":{"rendered":"<p>SSR Type C<br \/>\nInfo : Discontinued wheels. Very light (3.95kg\/wheel) so perfect for those who want a lightweight set for the track<br \/>\n\u2022 Specs : 15x6.5 +35 FR\/RR | PCD : 4x100<br \/>\n\u2022 Condition : Good overall condition, no cracks. Slight curb rashes and a few paint chips. If you'd like more pics, contact us by mail or on FB\/Insta<\/p>","protected":false},"excerpt":{"rendered":"<p>\u2022 Infos : Jantes plus produites (discontinued). Tr\u00e8s l\u00e9g\u00e8res (3.95kg\/jante) donc parfaites pour celui qui veut un set lightweight pour la piste \u2022 Specs : 15&#215;6.5 +35 AV\/ARR | PCD : 4&#215;100<\/p>","protected":false},"featured_media":5060,"comment_status":"open","ping_status":"closed","template":"","meta":[],"product_brand":[],"product_cat":[19],"product_tag":[],"class_list":{"0":"post-41","1":"product","2":"type-product","3":"status-publish","4":"has-post-thumbnail","6":"product_cat-jantes","7":"product_shipping_class-xl","9":"first","10":"outofstock","11":"sold-individually","12":"taxable","13":"shipping-taxable","14":"purchasable","15":"product-type-simple"},"_links":{"self":[{"href":"https:\/\/fukurogarage.com\/en\/wp-json\/wp\/v2\/product\/41","targetHints":{"allow":["GET"]}}],"collection":[{"href":"https:\/\/fukurogarage.com\/en\/wp-json\/wp\/v2\/product"}],"about":[{"href":"https:\/\/fukurogarage.com\/en\/wp-json\/wp\/v2\/types\/product"}],"replies":[{"embeddable":true,"href":"https:\/\/fukurogarage.com\/en\/wp-json\/wp\/v2\/comments?post=41"}],"version-history":[{"count":4,"href":"https:\/\/fukurogarage.com\/en\/wp-json\/wp\/v2\/product\/41\/revisions"}],"predecessor-version":[{"id":6327,"href":"https:\/\/fukurogarage.com\/en\/wp-json\/wp\/v2\/product\/41\/revisions\/6327"}],"wp:featuredmedia":[{"embeddable":true,"href":"https:\/\/fukurogarage.com\/en\/wp-json\/wp\/v2\/media\/5060"}],"wp:attachment":[{"href":"https:\/\/fukurogarage.com\/en\/wp-json\/wp\/v2\/media?parent=41"}],"wp:term":[{"taxonomy":"product_brand","embeddable":true,"href":"https:\/\/fukurogarage.com\/en\/wp-json\/wp\/v2\/product_brand?post=41"},{"taxonomy":"product_cat","embeddable":true,"href":"https:\/\/fukurogarage.com\/en\/wp-json\/wp\/v2\/product_cat?post=41"},{"taxonomy":"product_tag","embeddable":true,"href":"https:\/\/fukurogarage.com\/en\/wp-json\/wp\/v2\/product_tag?post=41"}],"curies":[{"name":"wp","href":"https:\/\/api.w.org\/{rel}","templated":true}]}}