{"id":6188,"date":"2024-03-02T18:34:38","date_gmt":"2024-03-02T17:34:38","guid":{"rendered":"https:\/\/fukurogarage.com\/?page_id=6188"},"modified":"2024-03-26T19:17:32","modified_gmt":"2024-03-26T18:17:32","slug":"conditions-generales-de-vente","status":"publish","type":"page","link":"https:\/\/fukurogarage.com\/en\/conditions-generales-de-vente\/","title":{"rendered":"Conditions g\u00e9n\u00e9rales de vente"},"content":{"rendered":"<h1>**Conditions G\u00e9n\u00e9rales de Vente**<\/h1>\n<p>Ces conditions g\u00e9n\u00e9rales s\u2019appliquent \u00e0 toutes les transactions en ligne effectu\u00e9es entre SARTOR JEROME (N\u00b0 TVA: BE1003.327.121) appel\u00e9e ci-apr\u00e8s \u201cFukuro Garage\u201d, et le Consommateur.<br \/>\n<b>Si\u00e8ge social et d&rsquo;exploitation<\/b><br \/>\nSARTOR JEROME (Entreprise individuelle)<br \/>\nClos Del&rsquo;M\u00e9 7, 4432 Alleur &#8211; Belgique<br \/>\nNum\u00e9ro d&rsquo;entreprise : 1003.327.121<br \/>\nNum\u00e9ro de TVA : BE1003.327.121<br \/>\nT\u00e9l\u00e9phone : + 32 472 97 09 96<br \/>\nE-Mail : info@fukurogarage.com<\/p>\n<h3>**Objet**<\/h3>\n<p>Les pr\u00e9sentes CGV ont pour objet de d\u00e9finir les droits et obligations des parties dans le cadre de la vente en ligne de produits par Fukuro Garage au client.<\/p>\n<h3>**Produits**<\/h3>\n<p>Les produits propos\u00e9s \u00e0 la vente sont ceux qui figurent sur le site https:\/\/www.fukurogarage.com, dans la limite des stocks disponibles. Fukuro Garage se r\u00e9serve le droit de modifier \u00e0 tout moment l&rsquo;assortiment de produits propos\u00e9s \u00e0 la vente.<\/p>\n<h3>**Prix**<\/h3>\n<p>Les prix des produits sont indiqu\u00e9s en euros toutes taxes comprises (TTC). Ils ne comprennent pas les frais de livraison, factur\u00e9s en suppl\u00e9ment et indiqu\u00e9s avant la validation de la commande. Fukuro Garage se r\u00e9serve le droit de modifier ses prix \u00e0 tout moment, tout en garantissant au client l&rsquo;application du tarif en vigueur au moment de la validation de la commande.<\/p>\n<h3>**Commandes**<\/h3>\n<p>Le client passe commande en ligne, via le site https:\/\/www.fukurogarage.com. La commande est ferme et d\u00e9finitive d\u00e8s validation du paiement. Fukuro Garage se r\u00e9serve le droit de refuser toute commande pour des motifs l\u00e9gitimes.<\/p>\n<h3>**Paiement**<\/h3>\n<p>Vous disposez de plusieurs moyens de paiement :<br \/>\n&#8211; Par carte de cr\u00e9dit ou de d\u00e9bit : Directement sur le site<br \/>\n&#8211; Via Bancontact ou iDEAL : Directement sur le site<br \/>\n&#8211; Par PayPal ou virement bancaire : Sur demande<\/p>\n<p><b>Le client garantit qu&rsquo;il est pleinement habilit\u00e9 \u00e0 utiliser le moyen de paiement choisi.<\/b><\/p>\n<h3>**Livraison**<\/h3>\n<p>Les produits sont livr\u00e9s \u00e0 l&rsquo;adresse de livraison indiqu\u00e9e lors de la commande. Les d\u00e9lais de livraison varient en fonction de la disponibilit\u00e9 des produits :<br \/>\n&#8211; Si en stock : moins d&rsquo;une semaine.<br \/>\n&#8211; Pour les pi\u00e8ces d&rsquo;occasion : entre 2 et 6 mois.<br \/>\n&#8211; Pour les pi\u00e8ces neuves : entre 2 mois et 1 an (selon les d\u00e9lais de fabrication).<br \/>\nLes frais de livraison sont variables et les livraisons sont effectu\u00e9es en Europe uniquement.<\/p>\n<h3>**Politique de retour et de remboursement**<\/h3>\n<p>La politique de retour et de remboursement est uniquement valable pour les pi\u00e8ces d&rsquo;occasion d\u00e9j\u00e0 en stock et pr\u00e9sentant un d\u00e9faut non pr\u00e9cis\u00e9 dans la description de l&rsquo;article. Dans ce cas, vous pouvez nous en faire part via notre <a href=\"https:\/\/fukurogarage.com\/en\/contactez-nous\/\">formulaire de contact<\/a>.<br \/>\nPour la commande de biens r\u00e9alis\u00e9s sur mesure au Japon, aucun retour de marchandise ne sera possible.<\/p>\n<h3>**Coordonn\u00e9es de contact**<\/h3>\n<p>Pour toute demande, veuillez nous contacter via le formulaire de contact pr\u00e9sent sur le site.<\/p>\n<h3>**Loi applicable et juridiction comp\u00e9tente**<\/h3>\n<p>Les pr\u00e9sentes CGV sont soumises \u00e0 la loi belge. En cas de litige, les tribunaux belges seront seuls comp\u00e9tents.<br \/>\nFait \u00e0 Alleur, Belgique, le 2 mars 2024.<br \/>\nFukuro Garage<\/p>","protected":false},"excerpt":{"rendered":"<p>**Conditions G\u00e9n\u00e9rales de Vente** Ces conditions g\u00e9n\u00e9rales s\u2019appliquent \u00e0 toutes les transactions en ligne effectu\u00e9es entre SARTOR JEROME (N\u00b0 TVA: BE1003.327.121) appel\u00e9e ci-apr\u00e8s \u201cFukuro Garage\u201d, et le Consommateur. Si\u00e8ge social et d&rsquo;exploitation SARTOR JEROME (Entreprise individuelle) Clos Del&rsquo;M\u00e9 7, 4432 Alleur &#8211; Belgique Num\u00e9ro d&rsquo;entreprise : 1003.327.121 Num\u00e9ro de TVA : BE1003.327.121 T\u00e9l\u00e9phone : + [&hellip;]<\/p>\n","protected":false},"author":1,"featured_media":0,"parent":0,"menu_order":0,"comment_status":"closed","ping_status":"closed","template":"","meta":{"footnotes":""},"class_list":["post-6188","page","type-page","status-publish","hentry"],"blocksy_meta":[],"_links":{"self":[{"href":"https:\/\/fukurogarage.com\/en\/wp-json\/wp\/v2\/pages\/6188","targetHints":{"allow":["GET"]}}],"collection":[{"href":"https:\/\/fukurogarage.com\/en\/wp-json\/wp\/v2\/pages"}],"about":[{"href":"https:\/\/fukurogarage.com\/en\/wp-json\/wp\/v2\/types\/page"}],"author":[{"embeddable":true,"href":"https:\/\/fukurogarage.com\/en\/wp-json\/wp\/v2\/users\/1"}],"replies":[{"embeddable":true,"href":"https:\/\/fukurogarage.com\/en\/wp-json\/wp\/v2\/comments?post=6188"}],"version-history":[{"count":10,"href":"https:\/\/fukurogarage.com\/en\/wp-json\/wp\/v2\/pages\/6188\/revisions"}],"predecessor-version":[{"id":6432,"href":"https:\/\/fukurogarage.com\/en\/wp-json\/wp\/v2\/pages\/6188\/revisions\/6432"}],"wp:attachment":[{"href":"https:\/\/fukurogarage.com\/en\/wp-json\/wp\/v2\/media?parent=6188"}],"curies":[{"name":"wp","href":"https:\/\/api.w.org\/{rel}","templated":true}]}}